{"id":9929,"date":"2020-05-08T07:57:23","date_gmt":"2020-05-08T07:57:23","guid":{"rendered":"https:\/\/evotek.md\/?post_type=product&#038;p=9929"},"modified":"2020-10-12T13:33:10","modified_gmt":"2020-10-12T13:33:10","slug":"rafturi-plate-din-inox-cu-4-nivele-1600-mm","status":"publish","type":"product","link":"https:\/\/evotek.md\/ro\/produse\/rafturi-depozitare\/rafturi-plate\/rafturi-plate-din-inox-cu-4-nivele-1600-mm\/","title":{"rendered":"RAFT DIN INOX CU 4 NIVELE \u0218I POLI\u021aE PLATE (1600 mm)- EMP.D.2.46183-16-4"},"content":{"rendered":"<p><strong>RAFT DIN INOX CU 4 NIVELE \u0218I POLI\u021aE PLATE (1600 mm)-<em>EMP.D.2.46183-16-4- <\/em> <\/strong>Este destinat depozit\u0103rii ustensilelor de buc\u0103t\u0103rie \u0219i a produselor alimentare ambalate la \u00eentreprinderile de alimenta\u021bie public\u0103 \u0219i comer\u021b. Designul suportului include 4 rafturi.<\/p>\n<p>Caracteristici<\/p>\n<p>Dimensiuni mm: 460x1830x1600<\/p>\n<p>&nbsp;<\/p>\n","protected":false},"excerpt":{"rendered":"<p>Raft neted cu 4 nivele \u0219i poli\u021be plate (1600 mm). Dimensiuni mm: 460x1830x1600<\/p>\n","protected":false},"featured_media":9928,"template":"","meta":[],"_links":{"self":[{"href":"https:\/\/evotek.md\/ro\/wp-json\/wp\/v2\/product\/9929"}],"collection":[{"href":"https:\/\/evotek.md\/ro\/wp-json\/wp\/v2\/product"}],"about":[{"href":"https:\/\/evotek.md\/ro\/wp-json\/wp\/v2\/types\/product"}],"wp:featuredmedia":[{"embeddable":true,"href":"https:\/\/evotek.md\/ro\/wp-json\/wp\/v2\/media\/9928"}],"wp:attachment":[{"href":"https:\/\/evotek.md\/ro\/wp-json\/wp\/v2\/media?parent=9929"}],"curies":[{"name":"wp","href":"https:\/\/api.w.org\/{rel}","templated":true}]}}