{"id":9891,"date":"2020-05-07T16:36:11","date_gmt":"2020-05-07T16:36:11","guid":{"rendered":"https:\/\/evotek.md\/?post_type=product&#038;p=9891"},"modified":"2020-10-01T10:47:31","modified_gmt":"2020-10-01T10:47:31","slug":"rafturi-de-sarma-cu-4-nivele-1800-mm-2","status":"publish","type":"product","link":"https:\/\/evotek.md\/ro\/produse\/rafturi-depozitare\/rafturi-de-sarma\/rafturi-de-sarma-cu-4-nivele-1800-mm-2\/","title":{"rendered":"RAFT DIN INOX CU 4 NIVELE \u0218I POLI\u021aE GRILATE (1800 mm)- EMP.T.2.61183-18-4"},"content":{"rendered":"<p><strong>RAFT DIN INOX CU 4 NIVELE \u0218I POLI\u021aE GRILATE (1800 mm)- <em>EMP.T.2.61183-18-4-<\/em> <\/strong>Rafturile grilate sunt ideale pentru camere frigorifice \u0219i congelatoare \u00een buc\u0103t\u0103riile profesionale.<\/p>\n<p>Caracteristici<\/p>\n<p>Dimensiuni mm: 610x1830x1800<\/p>\n","protected":false},"excerpt":{"rendered":"<p>Raft din inox cu 4 nivele \u0219i poli\u021be grilate (1800 mm).<strong>\u00a0<\/strong>Dimensiuni mm: 610x1830x1800<\/p>\n","protected":false},"featured_media":9835,"template":"","meta":[],"_links":{"self":[{"href":"https:\/\/evotek.md\/ro\/wp-json\/wp\/v2\/product\/9891"}],"collection":[{"href":"https:\/\/evotek.md\/ro\/wp-json\/wp\/v2\/product"}],"about":[{"href":"https:\/\/evotek.md\/ro\/wp-json\/wp\/v2\/types\/product"}],"wp:featuredmedia":[{"embeddable":true,"href":"https:\/\/evotek.md\/ro\/wp-json\/wp\/v2\/media\/9835"}],"wp:attachment":[{"href":"https:\/\/evotek.md\/ro\/wp-json\/wp\/v2\/media?parent=9891"}],"curies":[{"name":"wp","href":"https:\/\/api.w.org\/{rel}","templated":true}]}}