{"id":9853,"date":"2020-05-07T15:57:49","date_gmt":"2020-05-07T15:57:49","guid":{"rendered":"https:\/\/evotek.md\/?post_type=product&#038;p=9853"},"modified":"2020-09-30T13:32:30","modified_gmt":"2020-09-30T13:32:30","slug":"rafturi-de-sarma-cu-4-nivele-1600-mm-2","status":"publish","type":"product","link":"https:\/\/evotek.md\/ro\/produse\/rafturi-depozitare\/rafturi-de-sarma\/rafturi-de-sarma-cu-4-nivele-1600-mm-2\/","title":{"rendered":"RAFT DIN INOX CU 4 NIVELE \u0218I POLI\u021aE GRILATE (1600 mm)- EMP.T.2.61183-16-4"},"content":{"rendered":"<p><strong>RAFT DIN INOX CU 4 NIVELE \u0218I POLI\u021aE GRILATE (1600 mm)- <em>EMP.T.2.61183-16-4- <\/em><\/strong>Rafturile grilate sunt ideale pentru camere frigorifice \u0219i congelatoare \u00een buc\u0103t\u0103riile profesionale.<\/p>\n<p>Caracteristici<\/p>\n<p>Dimensiuni mm: 610x1830x1600<\/p>\n","protected":false},"excerpt":{"rendered":"<p>Raft din inox cu 4 nivele \u0219i poli\u021be grilate (1600 mm). \u00a0Dimensiuni mm: 610x1830x1600<\/p>\n","protected":false},"featured_media":9835,"template":"","meta":[],"_links":{"self":[{"href":"https:\/\/evotek.md\/ro\/wp-json\/wp\/v2\/product\/9853"}],"collection":[{"href":"https:\/\/evotek.md\/ro\/wp-json\/wp\/v2\/product"}],"about":[{"href":"https:\/\/evotek.md\/ro\/wp-json\/wp\/v2\/types\/product"}],"wp:featuredmedia":[{"embeddable":true,"href":"https:\/\/evotek.md\/ro\/wp-json\/wp\/v2\/media\/9835"}],"wp:attachment":[{"href":"https:\/\/evotek.md\/ro\/wp-json\/wp\/v2\/media?parent=9853"}],"curies":[{"name":"wp","href":"https:\/\/api.w.org\/{rel}","templated":true}]}}