{"id":9765,"date":"2020-05-01T08:06:23","date_gmt":"2020-05-01T08:06:23","guid":{"rendered":"https:\/\/evotek.md\/?post_type=product&#038;p=9765"},"modified":"2021-08-06T15:06:06","modified_gmt":"2021-08-06T15:06:06","slug":"lavoar-de-spalat-autonom-%d0%b0%d1%80-15","status":"publish","type":"product","link":"https:\/\/evotek.md\/ro\/produse\/mobila-din-inox\/chiuvete-din-inox\/lavoar-de-spalat-autonom-%d0%b0%d1%80-15\/","title":{"rendered":"LAVOAR DE SP\u0102LAT AUTONOM -\u0410\u0420-15"},"content":{"rendered":"<p><strong>LAVOAR DE SP\u0102LAT AUTONOM<\/strong> <strong>-\u0410\u0420-15- <\/strong>Chiuveta este proiectat\u0103 s\u0103 func\u021bioneze \u00een condi\u021bii \u00een care nu exist\u0103 nicio modalitate de conectare la alimentarea cu ap\u0103 \u0219i canalizare. Vor aprecia \u00een special lavoarul autonom \u00eentreprinderile de fast-food, comer\u021bul stradal, \u0219i comer\u021bul mobil. Carcasa lavoarului autonom este realizat din inox. Acesta nu necesit\u0103 conexiune la ap\u0103. Apa este furnizat\u0103 dintr-un rezervor de 15 litri.<\/p>\n<p>Caracteristici<\/p>\n<p>Tensiune: 230 V<\/p>\n<p>Putere: 1,1 kW<\/p>\n<p>Capacitate rezervor de ap\u0103: 15 L<\/p>\n<p>Domeniu de control al temperaturii: 0 &#8230; + 50 \u00b0 C<\/p>\n<p>Timp de \u00eenc\u0103lzire pentru ap\u0103 complet\u0103 (capacitate complet\u0103): p\u00e2n\u0103 la 30 \u00b0 C, 8 min<\/p>\n<p>Dimensiuni: 492x432x450 mm<\/p>\n<p>Greutate: 30 kg<\/p>\n<p>&nbsp;<\/p>\n","protected":false},"excerpt":{"rendered":"<p>Lavoar de sp\u0103lat autonom. Tensiune: 230 V; Putere: 1,1 kW; Volumul rezervorului cu ap\u0103: 15 l; Interval de control al temperaturii: 0 &#8230; + 50 \u00b0 C; Timp de \u00eenc\u0103lzire pentru ap\u0103 complet\u0103 (capacitate complet\u0103): p\u00e2n\u0103 la 30 \u00b0 C, 8 min; Dimensiuni: 492x432x450 mm; Greutate: 30 kg.<\/p>\n<p>*Robinetul \u0219i sifoanele nu sunt incluse.<\/p>\n","protected":false},"featured_media":9760,"template":"","meta":[],"_links":{"self":[{"href":"https:\/\/evotek.md\/ro\/wp-json\/wp\/v2\/product\/9765"}],"collection":[{"href":"https:\/\/evotek.md\/ro\/wp-json\/wp\/v2\/product"}],"about":[{"href":"https:\/\/evotek.md\/ro\/wp-json\/wp\/v2\/types\/product"}],"wp:featuredmedia":[{"embeddable":true,"href":"https:\/\/evotek.md\/ro\/wp-json\/wp\/v2\/media\/9760"}],"wp:attachment":[{"href":"https:\/\/evotek.md\/ro\/wp-json\/wp\/v2\/media?parent=9765"}],"curies":[{"name":"wp","href":"https:\/\/api.w.org\/{rel}","templated":true}]}}