{"id":9733,"date":"2020-04-30T20:28:40","date_gmt":"2020-04-30T20:29:03","guid":{"rendered":"https:\/\/evotek.md\/?post_type=product&#038;p=9733"},"modified":"2024-03-04T10:29:52","modified_gmt":"2024-03-04T10:29:52","slug":"2-convectii-sp-3-2k","status":"publish","type":"product","link":"https:\/\/evotek.md\/ro\/produse\/echipamente-termice\/cuptor-panificatie-cuptoare\/2-convectii-sp-3-2k\/","title":{"rendered":"CUPTOR ELECTRIC CU VATRA PENTRU PANIFICATIE, 3 SECTII, 2 CONVECTII -SP-3-2K"},"content":{"rendered":"<p><strong>CUPTOR ELECTRIC CU VATRA PENTRU PANIFICATIE, 3 SECTII, 2 CONVECTII -SP-3-2K-<\/strong> Cuptorul de panifica\u021bie este utilizat la unit\u0103\u021bile de alimenta\u021bie public\u0103 pentru coacerea produselor de cofet\u0103rie \u0219i panifica\u021bie. Geometria special\u0103 a elementelor de \u00eenc\u0103lzire \u0219i prezen\u021ba unei vatre distribuitoare de c\u0103ldur\u0103 la nivelul inferior al cuptorului asigur\u0103 o distribu\u021bie uniform\u0103 a temperaturii pe \u00eentregul volum al camerei de lucru. \u00cen cuptor este prev\u0103zut\u0103 convec\u021bia natural\u0103. Cuptorul poate fi echipat cu un ventilator pentru a asigura convec\u021bia for\u021bat\u0103.<\/p>\n<p>Caracteristici<\/p>\n<p>Tip dulap: electric<\/p>\n<p>Tensiune: 380 V<\/p>\n<p>Putere: 18 kW<\/p>\n<p>Num\u0103r de sec\u021biuni: 3<\/p>\n<p>Domeniu de control al temperaturii: + 50 &#8230; + 300 C<\/p>\n<p>Dimensiunea t\u0103vii: 960\u0445650\u044540 mm<\/p>\n<p>Dimensiunea intern\u0103 a cuptorului: 975x760x250 mm<\/p>\n<p>Dimensiuni generale: 1230x1100x1650 mm<\/p>\n<p>Greutate: 348 kg<\/p>\n","protected":false},"excerpt":{"rendered":"<p>Cuptor de panifica\u021bie, trei sec\u021biuni. Tip dulap: electric; Tensiune: 380 V; Putere: 18 kW; Interval de control al temperaturii: + 50 &#8230; + 300 C; Dimensiunea unei foi de copt: 960\u0445650\u044540 mm; Dimensiunea intern\u0103 a cuptorului: 975x760x250 mm; Dimensiuni generale: 1230x1100x1650 mm; Greutate: 348 kg.<\/p>\n","protected":false},"featured_media":9717,"template":"","meta":[],"_links":{"self":[{"href":"https:\/\/evotek.md\/ro\/wp-json\/wp\/v2\/product\/9733"}],"collection":[{"href":"https:\/\/evotek.md\/ro\/wp-json\/wp\/v2\/product"}],"about":[{"href":"https:\/\/evotek.md\/ro\/wp-json\/wp\/v2\/types\/product"}],"wp:featuredmedia":[{"embeddable":true,"href":"https:\/\/evotek.md\/ro\/wp-json\/wp\/v2\/media\/9717"}],"wp:attachment":[{"href":"https:\/\/evotek.md\/ro\/wp-json\/wp\/v2\/media?parent=9733"}],"curies":[{"name":"wp","href":"https:\/\/api.w.org\/{rel}","templated":true}]}}