{"id":9689,"date":"2020-04-30T17:41:37","date_gmt":"2020-04-30T17:41:58","guid":{"rendered":"https:\/\/evotek.md\/?post_type=product&#038;p=9689"},"modified":"2023-01-18T14:13:17","modified_gmt":"2023-01-18T14:13:17","slug":"plita-de-masa-cu-inductie-cu-4-arzatoare-%d0%bf%d1%96-4%d0%bd-14","status":"publish","type":"product","link":"https:\/\/evotek.md\/ro\/produse\/echipamente-termice\/plite-cu-inductie\/plita-de-masa-cu-inductie-cu-4-arzatoare-%d0%bf%d1%96-4%d0%bd-14\/","title":{"rendered":"PLITA CU INDUCTIE 4 ARZATOARE -PI-4A-14"},"content":{"rendered":"<p><strong>PLITA CU INDUCTIE 4 ARZATOARE <\/strong><strong>-PI<\/strong><strong>-4A-14-<\/strong> Plit\u0103 cu induc\u021bie de mas\u0103 cu 4 arz\u0103toare, pentru bucataria industriala a unei cafenele, restaurant si osp\u0103t\u0103rie. Are un panou de control cu 9 nivele. Acest panou are un m\u00e2ner de rota\u021bie f\u0103r\u0103 limitator, care asigur\u0103 u\u0219urin\u021ba de utilizare \u0219i prelunge\u0219te semnificativ durabilitatea produsului. La plitele cu induc\u021bie sunt instalate relee de protec\u021bie pentru schimbarea brusc\u0103 a tensiunii pentru fiecare faz\u0103. Aceasta permite func\u021bionarea stabil\u0103 a arz\u0103toarelor \u00een cazurile de fluctua\u021bii semnificative ale tensiunii.<\/p>\n<p>Caracteristici<\/p>\n<p>Tensiune: 380 V<\/p>\n<p>Putere: 14 kW<\/p>\n<p>Puterea unui arz\u0103tor: 3,5 kW<\/p>\n<p>Num\u0103rul de arz\u0103toare: 4<\/p>\n<p>Dimensiune arz\u0103tor: 340&#215;340 mm<\/p>\n<p>Dimensiuni generale: 790\u0445940\u0445210 mm<\/p>\n<p>Greutate: 32 kg<\/p>\n<p>&nbsp;<\/p>\n<p>&nbsp;<\/p>\n","protected":false},"excerpt":{"rendered":"<p>Plit\u0103 de mas\u0103 cu induc\u021bie cu 4 arz\u0103toare. Tensiune: 380 V; Putere: 14 kW; Puterea unui arz\u0103tor: 3,5 kW; Dimensiunea arz\u0103torului: 340&#215;340 mm; Dimensiuni generale: 790\u0445940\u0445210 mm; Greutate: 32 kg.<\/p>\n","protected":false},"featured_media":9685,"template":"","meta":[],"_links":{"self":[{"href":"https:\/\/evotek.md\/ro\/wp-json\/wp\/v2\/product\/9689"}],"collection":[{"href":"https:\/\/evotek.md\/ro\/wp-json\/wp\/v2\/product"}],"about":[{"href":"https:\/\/evotek.md\/ro\/wp-json\/wp\/v2\/types\/product"}],"wp:featuredmedia":[{"embeddable":true,"href":"https:\/\/evotek.md\/ro\/wp-json\/wp\/v2\/media\/9685"}],"wp:attachment":[{"href":"https:\/\/evotek.md\/ro\/wp-json\/wp\/v2\/media?parent=9689"}],"curies":[{"name":"wp","href":"https:\/\/api.w.org\/{rel}","templated":true}]}}