{"id":9590,"date":"2020-04-29T11:05:02","date_gmt":"2020-04-29T11:05:02","guid":{"rendered":"https:\/\/evotek.md\/?post_type=product&#038;p=9590"},"modified":"2020-04-29T11:05:02","modified_gmt":"2020-04-29T11:05:02","slug":"plita-pe-gaz-cu-4-arzatoare-%d0%bf%d0%b3-4%d0%bf-%d0%bf%d0%b3-4%d0%b1","status":"publish","type":"product","link":"https:\/\/evotek.md\/ro\/produse\/echipamente-termice\/plite-de-gaz\/plita-pe-gaz-cu-4-arzatoare-%d0%bf%d0%b3-4%d0%bf-%d0%bf%d0%b3-4%d0%b1\/","title":{"rendered":"PLIT\u0102 PE GAZ CU 4 ARZ\u0102TOARE -\u041f\u0413-4\u041f\/\u041f\u0413-4\u0411"},"content":{"rendered":"<p><strong>PLIT\u0102 PE GAZ CU 4 ARZ\u0102TOARE -\u041f\u0413-4\u041f\/\u041f\u0413-4\u0411-<\/strong> Plit\u0103 profesional\u0103 cu 4 arzatoare pentru buc\u0103t\u0103ria industrial\u0103 a unei cafenele, restaurant, osp\u0103t\u0103rie, punct de v\u00e2nzare. Plita dispune de arz\u0103toare micro-perforate de gaz profesionale pentru eficien\u021b\u0103 crescut\u0103 \u0219i \u00eenc\u0103lzire rapid\u0103. Arz\u0103toarele din font\u0103 masiv\u0103 pot fi utilizate pentru vasele cu volum mare. Plita este echipat\u0103 cu control de gaz \u0219i cu m\u00e2nere ergonomice confortabile.<\/p>\n<p>Caracteristici<\/p>\n<p>Putere: 26 kW<\/p>\n<p>Num\u0103rul de arz\u0103toare: 4 buc<\/p>\n<p>Dimensiune arz\u0103tor: 335&#215;335 mm<\/p>\n<p>Dimensiuni generale: 835\u0445860\u0445873 mm<\/p>\n<p>Materialul carcasei: inox<\/p>\n<p>Gazul folosit: balon (GPL) \u0219i gaz natural (NG)<\/p>\n<p>Racord la gaz: 3\/4 &#8221;<\/p>\n<p>&nbsp;<\/p>\n","protected":false},"excerpt":{"rendered":"<p>Plit\u0103 pe gaz cu 4 arzatoare. Putere: 26 kW; Dimensiune arz\u0103tor: 335&#215;335 mm; Dimensiuni generale: 835\u0445860\u0445873 mm; Materialul carcasei: inox; Gazul folosit: balon (GPL) \u0219i gaz natural (NG); Racord la gaz: 3\/4 &#8220;.<\/p>\n","protected":false},"featured_media":9589,"template":"","meta":[],"_links":{"self":[{"href":"https:\/\/evotek.md\/ro\/wp-json\/wp\/v2\/product\/9590"}],"collection":[{"href":"https:\/\/evotek.md\/ro\/wp-json\/wp\/v2\/product"}],"about":[{"href":"https:\/\/evotek.md\/ro\/wp-json\/wp\/v2\/types\/product"}],"wp:featuredmedia":[{"embeddable":true,"href":"https:\/\/evotek.md\/ro\/wp-json\/wp\/v2\/media\/9589"}],"wp:attachment":[{"href":"https:\/\/evotek.md\/ro\/wp-json\/wp\/v2\/media?parent=9590"}],"curies":[{"name":"wp","href":"https:\/\/api.w.org\/{rel}","templated":true}]}}