{"id":9571,"date":"2020-04-29T09:58:30","date_gmt":"2020-04-29T10:06:03","guid":{"rendered":"https:\/\/evotek.md\/?post_type=product&#038;p=9571"},"modified":"2023-01-17T09:57:15","modified_gmt":"2023-01-17T09:57:15","slug":"plita-pe-gaz-cu-cuptor-%d0%bf%d0%b3%d0%b4-4","status":"publish","type":"product","link":"https:\/\/evotek.md\/ro\/produse\/echipamente-termice\/plite-de-gaz\/plita-pe-gaz-cu-cuptor-%d0%bf%d0%b3%d0%b4-4\/","title":{"rendered":"PLITA PE GAZ CU 4 ARZATOARE SI CUPTOR -PGD-4"},"content":{"rendered":"<p><strong>PLITA PE GAZ CU 4 ARZATOARE SI CUPTOR<\/strong> <strong>-PGD<\/strong><strong>-4-<\/strong> Plit\u0103 profesional\u0103 cu 4 arzatoare pentru buc\u0103t\u0103ria industrial\u0103 a unei cafenele, restaurant, osp\u0103t\u0103rie, punct de v\u00e2nzare. Plita dispune de arz\u0103toare micro-perforate de gaz profesionale pentru eficien\u021b\u0103 crescut\u0103 \u0219i \u00eenc\u0103lzire rapid\u0103. Arz\u0103toarele din font\u0103 masiv\u0103 pot fi utilizate pentru vasele cu volum mare. Plita este echipat\u0103 cu control de gaz \u0219i cu m\u00e2nere ergonomice confortabile.<\/p>\n<p>Caracteristici<\/p>\n<p>Num\u0103rul de arz\u0103toare: 4 buc.<\/p>\n<p>Tip de instalare: podea<\/p>\n<p>Gaz utilizat: natural (NG)<\/p>\n<p>Dimensiunea arz\u0103toarelor din font\u0103: 335&#215;335 mm<\/p>\n<p>Control de gaz: este<\/p>\n<p>Materialul carcasei: inox<\/p>\n<p>Racord la gaz: 3\/4 &#8221;<\/p>\n<p>Putere arz\u0103tor: 26 kW<\/p>\n<p>Dimensiuni: 836x860x873 mm<\/p>\n<p>Greutate: 125 kg<\/p>\n<p>&nbsp;<\/p>\n","protected":false},"excerpt":{"rendered":"<p>Plit\u0103 pe gaz cu cuptor, cu 4 arz\u0103toare. Tip de instalare: podea; Gazul folosit: natural (NG); Dimensiunea arz\u0103toarelor din font\u0103: 335&#215;335 mm; Control de gaz: este; Materialul carcasei: inox; Racord la conducta de gaz: 3\/4 &#8220;; Puterea arz\u0103torului: 26 kW; Dimensiuni: 836x860x873 mm; Greutate: 125 kg.<\/p>\n","protected":false},"featured_media":9575,"template":"","meta":[],"_links":{"self":[{"href":"https:\/\/evotek.md\/ro\/wp-json\/wp\/v2\/product\/9571"}],"collection":[{"href":"https:\/\/evotek.md\/ro\/wp-json\/wp\/v2\/product"}],"about":[{"href":"https:\/\/evotek.md\/ro\/wp-json\/wp\/v2\/types\/product"}],"wp:featuredmedia":[{"embeddable":true,"href":"https:\/\/evotek.md\/ro\/wp-json\/wp\/v2\/media\/9575"}],"wp:attachment":[{"href":"https:\/\/evotek.md\/ro\/wp-json\/wp\/v2\/media?parent=9571"}],"curies":[{"name":"wp","href":"https:\/\/api.w.org\/{rel}","templated":true}]}}