{"id":9566,"date":"2020-04-24T15:50:14","date_gmt":"2020-04-24T15:50:48","guid":{"rendered":"https:\/\/evotek.md\/?post_type=product&#038;p=9566"},"modified":"2023-03-02T12:53:36","modified_gmt":"2023-03-02T12:53:36","slug":"grill-contact-mec-pmr","status":"publish","type":"product","link":"https:\/\/evotek.md\/ro\/produse\/echipamente-termice\/grill-contact-panini-sandwich-2\/grill-contact-mec-pmr\/","title":{"rendered":"GRILL CONTACT ELECTRIC, RIFLAT -MEC PMR"},"content":{"rendered":"<p><strong>GRILL CONTACT ELECTRIC, RIFLAT -MEC PMR-<\/strong> Are o sec\u021biune \u0219i dou\u0103 zone de \u00eenc\u0103lzire: superioar\u0103 \u0219i inferioar\u0103. Ambele zone au o suprafa\u021b\u0103 riflat\u0103, ceea ce v\u0103 permite s\u0103 \u00eenfrumuse\u021ba\u021bi preparatele g\u0103tite \u00een dungi paralele. Grill-ul este echipat cu un buton de reglare a temperaturii \u0219i cu dou\u0103 semnalizatoare care informeaz\u0103 buc\u0103tarul despre pornirea ma\u0219inii \u0219i c\u00e2nd suprafe\u021bele de lucru ating temperatura setat\u0103. \u00cen partea de jos a grill-ului de contact se afl\u0103 o tav\u0103 pentru colectarea gr\u0103similor. Dispozitivul este echipat cu picioare care \u00eei garanteaz\u0103 stabilitatea pe suprafa\u021ba de lucru. Suprafe\u021bele de \u00eenc\u0103lzire sunt din font\u0103.<\/p>\n<p>Caracteristici<\/p>\n<p>Consumul nominal de energie: 2,2 kW<\/p>\n<p>Tensiune nominal\u0103: 1 faz\u0103, 220 V<\/p>\n<p>Materialul suprafe\u021bei de lucru: font\u0103<\/p>\n<p>Suprafa\u021ba de lucru: 340&#215;230 mm<\/p>\n<p>Dimensiuni: 450x440x250 mm<\/p>\n<p>Greutate: 20 kg<\/p>\n<p>&nbsp;<\/p>\n","protected":false},"excerpt":{"rendered":"<p>Grill contact. Consum nominal de energie: 2,2 kW; Tensiune nominal\u0103: 1 faz\u0103, 220 V; Materialul suprafe\u021bei de lucru: font\u0103; Suprafa\u021ba de lucru: 340&#215;230 mm; Dimensiuni: 450x440x250 mm; Greutate: 20 kg.<\/p>\n","protected":false},"featured_media":9565,"template":"","meta":[],"_links":{"self":[{"href":"https:\/\/evotek.md\/ro\/wp-json\/wp\/v2\/product\/9566"}],"collection":[{"href":"https:\/\/evotek.md\/ro\/wp-json\/wp\/v2\/product"}],"about":[{"href":"https:\/\/evotek.md\/ro\/wp-json\/wp\/v2\/types\/product"}],"wp:featuredmedia":[{"embeddable":true,"href":"https:\/\/evotek.md\/ro\/wp-json\/wp\/v2\/media\/9565"}],"wp:attachment":[{"href":"https:\/\/evotek.md\/ro\/wp-json\/wp\/v2\/media?parent=9566"}],"curies":[{"name":"wp","href":"https:\/\/api.w.org\/{rel}","templated":true}]}}