{"id":9561,"date":"2020-04-24T15:37:32","date_gmt":"2020-04-24T15:37:32","guid":{"rendered":"https:\/\/evotek.md\/?post_type=product&#038;p=9561"},"modified":"2020-04-24T15:37:32","modified_gmt":"2020-04-24T15:37:32","slug":"cuptor-pentru-pizza-mec-ml-99","status":"publish","type":"product","link":"https:\/\/evotek.md\/ro\/produse\/echipamente-termice\/cuptoare-pentru-pizza-cuptoare\/cuptor-pentru-pizza-mec-ml-99\/","title":{"rendered":"CUPTOR PENTRU PIZZA -MEC ML 99"},"content":{"rendered":"<p><strong>CUPTOR PENTRU PIZZA -MEC ML 99- <\/strong>Proiectat pentru coacerea pizzei, precum \u0219i pentru produsele care nu necesit\u0103 umidificare cu aburi: deserturi, biscui\u021bi \u0219i semifabricate. 2 camere.<\/p>\n<p>Caracteristici<\/p>\n<p>Consumul de putere nominal: 24,6 kW<\/p>\n<p>Tensiune nominal\u0103: 380 V<\/p>\n<p>Num\u0103r de camere: 2<\/p>\n<p>Temperatura maxim\u0103: 500 \u00b0 C<\/p>\n<p>Dimensiunil interioare: 1080x1080x140 mm<\/p>\n<p>Greutate: 400 kg<\/p>\n<p>&nbsp;<\/p>\n","protected":false},"excerpt":{"rendered":"<p>Cuptor pentru pizza. Consumul nominal de energie: 24,6 kW; Tensiune nominal\u0103: 380 V; Num\u0103r de camere: 2; Temperatura maxim\u0103: 500 \u00b0 C; Dimensiuni interioare: 1080x1080x140 mm; Greutate: 400 kg.<\/p>\n","protected":false},"featured_media":9540,"template":"","meta":[],"_links":{"self":[{"href":"https:\/\/evotek.md\/ro\/wp-json\/wp\/v2\/product\/9561"}],"collection":[{"href":"https:\/\/evotek.md\/ro\/wp-json\/wp\/v2\/product"}],"about":[{"href":"https:\/\/evotek.md\/ro\/wp-json\/wp\/v2\/types\/product"}],"wp:featuredmedia":[{"embeddable":true,"href":"https:\/\/evotek.md\/ro\/wp-json\/wp\/v2\/media\/9540"}],"wp:attachment":[{"href":"https:\/\/evotek.md\/ro\/wp-json\/wp\/v2\/media?parent=9561"}],"curies":[{"name":"wp","href":"https:\/\/api.w.org\/{rel}","templated":true}]}}