{"id":956,"date":"2020-02-04T14:11:09","date_gmt":"2020-02-04T14:11:09","guid":{"rendered":"https:\/\/evotek.md\/?post_type=product&#038;p=956"},"modified":"2021-04-01T13:41:23","modified_gmt":"2021-04-01T13:41:23","slug":"aparatul-pentru-hot-dog-hkn-y03","status":"publish","type":"product","link":"https:\/\/evotek.md\/ro\/produse\/echipamente-pentru-fast-food\/aparat-pentru-hot-dog\/aparatul-pentru-hot-dog-hkn-y03\/","title":{"rendered":"APARATUL PENTRU HOT DOG HKN-Y03"},"content":{"rendered":"<p><strong>APARATUL PENTRU HOT DOG HKN-Y03<\/strong> &#8211; este ideal pentru intreprinderile de fast-food. Cu ajutorul lui, pute\u021bi fierbe u\u0219or crenvu\u0219ti folosind un bol special cu aburi unde acestea se men\u021bin fierbin\u021bi.<br \/>\nProcesul de deservire a clien\u021bilor este foarte rapid deoarece acest aparat permite concomitent \u00eenc\u0103lzirea chiflei.<\/p>\n<p>Carcasa dispozitivului \u0219i acele \u00eenc\u0103lzitoare sunt realizate din o\u021bel inoxidabil, ceea ce asigur\u0103 durabilitate a echipamentului.<br \/>\nBolul \u0219i acele pentru chifle se \u00eenc\u0103lzesc separat.<\/p>\n<p>Dispozitivul are comenzi simple \u0219i intuitive, precum \u0219i dimensiuni compacte, astfel \u00eenc\u00e2t poate fi plasat pe aproape orice suprafa\u021b\u0103 orizontal\u0103.<br \/>\nDispozitivul este echipat cu un regulator de temperatur\u0103. Modelul are dimensiuni de 540x290x410 mm. Este conectat la o re\u021bea de 230 V. Consumul de energie este de 0,6 kW. Volumul recipientului de ap\u0103 este de 0,65 litri. Greutatea total\u0103 a dispozitivului este de 9 kg.<\/p>\n<p>Caracteristici<\/p>\n<p>Brand Hurakan<\/p>\n<p>Dimensiuni: 540x290x410 mm<\/p>\n<p>Conectare: 230 V<\/p>\n<p>Putere: 0,6 kW<\/p>\n<p>Greutate net\u0103: 9 kg<\/p>\n","protected":false},"excerpt":{"rendered":"<p>Aparat pentru hot-dog cu 3 ace pentru \u00eenc\u0103lzirea chiflelor. Dimensiuni: 540x290x410 mm; Conectare: 230 V; Putere: 0,6 kW; Volumul recipientului de ap\u0103 este de 0,65 litri.<\/p>\n","protected":false},"featured_media":955,"template":"","meta":[],"_links":{"self":[{"href":"https:\/\/evotek.md\/ro\/wp-json\/wp\/v2\/product\/956"}],"collection":[{"href":"https:\/\/evotek.md\/ro\/wp-json\/wp\/v2\/product"}],"about":[{"href":"https:\/\/evotek.md\/ro\/wp-json\/wp\/v2\/types\/product"}],"wp:featuredmedia":[{"embeddable":true,"href":"https:\/\/evotek.md\/ro\/wp-json\/wp\/v2\/media\/955"}],"wp:attachment":[{"href":"https:\/\/evotek.md\/ro\/wp-json\/wp\/v2\/media?parent=956"}],"curies":[{"name":"wp","href":"https:\/\/api.w.org\/{rel}","templated":true}]}}