{"id":9558,"date":"2020-04-24T15:32:29","date_gmt":"2020-04-24T15:32:29","guid":{"rendered":"https:\/\/evotek.md\/?post_type=product&#038;p=9558"},"modified":"2020-04-24T15:32:29","modified_gmt":"2020-04-24T15:32:29","slug":"cuptor-pentru-pizza-pe-gaz-mec-mg-6","status":"publish","type":"product","link":"https:\/\/evotek.md\/ro\/produse\/echipamente-termice\/cuptoare-pentru-pizza-cuptoare\/cuptor-pentru-pizza-pe-gaz-mec-mg-6\/","title":{"rendered":"CUPTOR PENTRU PIZZA PE GAZ -MEC MG 6"},"content":{"rendered":"<p><strong>CUPTOR PENTRU PIZZA PE GAZ -MEC MG 6- <\/strong>Un cuptor pentru pizza este un tip de echipament profesional de buc\u0103t\u0103rie pentru fabricarea pizzei. Prin urmare, acest cuptor poate fi folosit \u0219i pentru coacerea p\u00e2inii. Astfel de cuptoare pentru pizza sunt utilizate pe scar\u0103 larg\u0103 \u00een multe unit\u0103\u021bi de alimenta\u021bie public\u0103, al c\u0103ror meniu con\u021bine pizza proasp\u0103t preparat\u0103.<\/p>\n<p>Caracteristici<\/p>\n<p>Temperatura maxim\u0103 de lucru: 420 \u00b0 C<\/p>\n<p>Putere: 20 kW<\/p>\n<p>Greutate: 164 kg<\/p>\n<p>Dimensiuni exterioare: 1120x1590x470 mm<\/p>\n<p>Dimensiuni interioare: 700\u04451050\u0445150 mm<\/p>\n<p>&nbsp;<\/p>\n","protected":false},"excerpt":{"rendered":"<p>Cuptor pentru pizza pe gaz. Temperatura maxim\u0103 de lucru: 420 \u00b0 C; Putere: 20 kW; Greutate: 164 k; Dimensiuni exterioare: 1120x1590x470 mm; Dimensiuni interioare: 700\u04451050\u0445150 mm.<\/p>\n","protected":false},"featured_media":9554,"template":"","meta":[],"_links":{"self":[{"href":"https:\/\/evotek.md\/ro\/wp-json\/wp\/v2\/product\/9558"}],"collection":[{"href":"https:\/\/evotek.md\/ro\/wp-json\/wp\/v2\/product"}],"about":[{"href":"https:\/\/evotek.md\/ro\/wp-json\/wp\/v2\/types\/product"}],"wp:featuredmedia":[{"embeddable":true,"href":"https:\/\/evotek.md\/ro\/wp-json\/wp\/v2\/media\/9554"}],"wp:attachment":[{"href":"https:\/\/evotek.md\/ro\/wp-json\/wp\/v2\/media?parent=9558"}],"curies":[{"name":"wp","href":"https:\/\/api.w.org\/{rel}","templated":true}]}}