{"id":9555,"date":"2020-04-24T15:22:10","date_gmt":"2020-04-24T15:22:10","guid":{"rendered":"https:\/\/evotek.md\/?post_type=product&#038;p=9555"},"modified":"2020-04-24T15:22:10","modified_gmt":"2020-04-24T15:22:10","slug":"cuptor-pentru-pizza-pe-gaz-mec-mg-4","status":"publish","type":"product","link":"https:\/\/evotek.md\/ro\/produse\/echipamente-termice\/cuptoare-pentru-pizza-cuptoare\/cuptor-pentru-pizza-pe-gaz-mec-mg-4\/","title":{"rendered":"CUPTOR PENTRU PIZZA PE GAZ -MEC MG 4"},"content":{"rendered":"<p><strong>CUPTOR PENTRU PIZZA PE GAZ -MEC MG 4- <\/strong>Cuptor pentru pizza pe gaz. Panoul frontal, u\u0219a, cuptorul \u0219i arz\u0103torul sunt din inox. Are iluminare interioar\u0103. Arz\u0103toarele de sus \u0219i de jos sunt cu control autonom.<\/p>\n<p>Caracteristici<\/p>\n<p>Consumul de putere nominal: 14 kW<\/p>\n<p>Temperatura maxim\u0103 de func\u021bionare: 420 \u00b0 C<\/p>\n<p>Camera de g\u0103tit: 1<\/p>\n<p>Dimensiuni exterioare: 1120x1280x470 mm<\/p>\n<p>Dimensiuni interioare: 700x700x150 mm<\/p>\n<p>Greutate: 132 kg<\/p>\n<p>&nbsp;<\/p>\n<p>&nbsp;<\/p>\n","protected":false},"excerpt":{"rendered":"<p>Cuptor pentru pizza pe gaz. Consumul de putere nominal: 14 kW; Temperatura maxim\u0103 de func\u021bionare: 420 \u00b0 C; Camera de g\u0103tit: 1; Dimensiuni exterioare: 1120x1280x470 mm; Dimensiuni interioare: 700x700x150 mm; Greutate: 132 kg.<\/p>\n","protected":false},"featured_media":9554,"template":"","meta":[],"_links":{"self":[{"href":"https:\/\/evotek.md\/ro\/wp-json\/wp\/v2\/product\/9555"}],"collection":[{"href":"https:\/\/evotek.md\/ro\/wp-json\/wp\/v2\/product"}],"about":[{"href":"https:\/\/evotek.md\/ro\/wp-json\/wp\/v2\/types\/product"}],"wp:featuredmedia":[{"embeddable":true,"href":"https:\/\/evotek.md\/ro\/wp-json\/wp\/v2\/media\/9554"}],"wp:attachment":[{"href":"https:\/\/evotek.md\/ro\/wp-json\/wp\/v2\/media?parent=9555"}],"curies":[{"name":"wp","href":"https:\/\/api.w.org\/{rel}","templated":true}]}}