{"id":9550,"date":"2020-04-24T15:16:25","date_gmt":"2020-04-24T15:16:25","guid":{"rendered":"https:\/\/evotek.md\/?post_type=product&#038;p=9550"},"modified":"2020-04-24T15:16:25","modified_gmt":"2020-04-24T15:16:25","slug":"cuptor-pentru-pizza-mec-ml-9","status":"publish","type":"product","link":"https:\/\/evotek.md\/ro\/produse\/echipamente-termice\/cuptoare-pentru-pizza-cuptoare\/cuptor-pentru-pizza-mec-ml-9\/","title":{"rendered":"CUPTOR PENTRU PIZZA -MEC ML 9"},"content":{"rendered":"<p><strong>CUPTOR PENTRU PIZZA -MEC ML 9- <\/strong>Cuptor din inox pentru coacerea pizzei, precum \u0219i produse care nu necesit\u0103 umidificare cu aburi: deserturi, biscui\u021bi \u0219i produse semifabricate.<\/p>\n<p>Caracteristici<\/p>\n<p>Consumul nominal de energie: 13,2 \u00a0kW<\/p>\n<p>Tensiune nominal\u0103: 380 V<\/p>\n<p>Num\u0103r camere: 1<\/p>\n<p>Temperatura maxim\u0103: 500 C<\/p>\n<p>Dimensiuni interioare: 1080x1080x40 mm<\/p>\n<p>Greutate: 220 kg<\/p>\n<p>&nbsp;<\/p>\n<p>&nbsp;<\/p>\n","protected":false},"excerpt":{"rendered":"<p>Cuptor pentru pizza. Consumul nominal de energie: 13,2 \u00a0kW; Tensiune nominal\u0103: 380 V; Num\u0103r de camere: 1; Temperatura maxim\u0103: 500 C; Dimensiuni interioare: 1080x1080x40 mm; Greutate: 220 kg.<\/p>\n","protected":false},"featured_media":9520,"template":"","meta":[],"_links":{"self":[{"href":"https:\/\/evotek.md\/ro\/wp-json\/wp\/v2\/product\/9550"}],"collection":[{"href":"https:\/\/evotek.md\/ro\/wp-json\/wp\/v2\/product"}],"about":[{"href":"https:\/\/evotek.md\/ro\/wp-json\/wp\/v2\/types\/product"}],"wp:featuredmedia":[{"embeddable":true,"href":"https:\/\/evotek.md\/ro\/wp-json\/wp\/v2\/media\/9520"}],"wp:attachment":[{"href":"https:\/\/evotek.md\/ro\/wp-json\/wp\/v2\/media?parent=9550"}],"curies":[{"name":"wp","href":"https:\/\/api.w.org\/{rel}","templated":true}]}}