{"id":9544,"date":"2020-04-24T14:54:49","date_gmt":"2020-04-24T14:54:49","guid":{"rendered":"https:\/\/evotek.md\/?post_type=product&#038;p=9544"},"modified":"2020-04-24T14:54:49","modified_gmt":"2020-04-24T14:54:49","slug":"cuptor-pentru-pizza-mec-smart-66","status":"publish","type":"product","link":"https:\/\/evotek.md\/ro\/produse\/echipamente-termice\/cuptoare-pentru-pizza-cuptoare\/cuptor-pentru-pizza-mec-smart-66\/","title":{"rendered":"CUPTOR PENTRU PIZZA -MEC SMART 66"},"content":{"rendered":"<p><strong>CUPTOR PENTRU PIZZA -MEC SMART 66- <\/strong>Model este din inox. Iluminat interior. Pirometru pentru fiecare cuptor. Suprafa\u021ba de pr\u0103jire este fabricat\u0103 din material refractar de calitate alimentar\u0103. 2 termostate pentru fiecare camer\u0103. Iluminat interior.<\/p>\n<p>Caracteristici<\/p>\n<p>Consumul nominal de energie: 12 kW<\/p>\n<p>Tensiune nominal\u0103: 380 V<\/p>\n<p>Num\u0103r de camere: 2<\/p>\n<p>Capacitate pizza: 8<\/p>\n<p>Stare de temperatur\u0103: 0-450 \u00b0 \u0421<\/p>\n<p>Dimensiuni interioare: 620x910x130 mm<\/p>\n<p>Dimensiuni generale: 855x1110x600 mm<\/p>\n<p>Greutate: 160 kg<\/p>\n<p>&nbsp;<\/p>\n","protected":false},"excerpt":{"rendered":"<p>Cuptor pentru pizza. Consumul nominal de energie: 12 kW; Tensiune nominal\u0103: 380 V; Num\u0103r de camere: 2; Capacitate pizza: 8; Stare de temperatur\u0103: 0-450 \u00b0 C; Dimensiuni interioare: 620x910x130 mm; Dimensiuni generale: 855x1110x600 mm; Greutate: 160 kg.<\/p>\n","protected":false},"featured_media":9525,"template":"","meta":[],"_links":{"self":[{"href":"https:\/\/evotek.md\/ro\/wp-json\/wp\/v2\/product\/9544"}],"collection":[{"href":"https:\/\/evotek.md\/ro\/wp-json\/wp\/v2\/product"}],"about":[{"href":"https:\/\/evotek.md\/ro\/wp-json\/wp\/v2\/types\/product"}],"wp:featuredmedia":[{"embeddable":true,"href":"https:\/\/evotek.md\/ro\/wp-json\/wp\/v2\/media\/9525"}],"wp:attachment":[{"href":"https:\/\/evotek.md\/ro\/wp-json\/wp\/v2\/media?parent=9544"}],"curies":[{"name":"wp","href":"https:\/\/api.w.org\/{rel}","templated":true}]}}