{"id":9536,"date":"2020-04-24T14:39:22","date_gmt":"2020-04-24T14:39:22","guid":{"rendered":"https:\/\/evotek.md\/?post_type=product&#038;p=9536"},"modified":"2020-04-24T14:39:22","modified_gmt":"2020-04-24T14:39:22","slug":"cuptor-pentru-pizza-mec-ml-6","status":"publish","type":"product","link":"https:\/\/evotek.md\/ro\/produse\/echipamente-termice\/cuptoare-pentru-pizza-cuptoare\/cuptor-pentru-pizza-mec-ml-6\/","title":{"rendered":"CUPTOR PENTRU PIZZA -MEC ML 6"},"content":{"rendered":"<p><strong>CUPTOR PENTRU PIZZA -MEC ML 6- <\/strong>Cuptor electric pentru pizza din inox, 2 termostate cu trei poli. Iluminat interior cu l\u0103mpi cu halogen. Suprafa\u021b\u0103 de pr\u0103jire din material refractar.<\/p>\n<p>Caracteristici<\/p>\n<p>Consumul nominal de energie: 9 kW<\/p>\n<p>Tensiune nominal\u0103: 380 V<\/p>\n<p>Num\u0103r camere: 1<\/p>\n<p>Temperatura maxim\u0103: 500 C<\/p>\n<p>Dimensiuni interioare: 720\u04451080\u0445140 mm<\/p>\n<p>Greutate: 165 kg<\/p>\n<p>&nbsp;<\/p>\n<p>&nbsp;<\/p>\n","protected":false},"excerpt":{"rendered":"<p>Cuptor pentru pizza. Consumul nominal de energie: 9 kW; Tensiune nominal\u0103: 380 V; Num\u0103r de camere: 1; Temperatura maxim\u0103: 500 C; Dimensiuni interioare: 720\u04451080\u0445140 mm; Greutate: 165 kg.<\/p>\n","protected":false},"featured_media":9520,"template":"","meta":[],"_links":{"self":[{"href":"https:\/\/evotek.md\/ro\/wp-json\/wp\/v2\/product\/9536"}],"collection":[{"href":"https:\/\/evotek.md\/ro\/wp-json\/wp\/v2\/product"}],"about":[{"href":"https:\/\/evotek.md\/ro\/wp-json\/wp\/v2\/types\/product"}],"wp:featuredmedia":[{"embeddable":true,"href":"https:\/\/evotek.md\/ro\/wp-json\/wp\/v2\/media\/9520"}],"wp:attachment":[{"href":"https:\/\/evotek.md\/ro\/wp-json\/wp\/v2\/media?parent=9536"}],"curies":[{"name":"wp","href":"https:\/\/api.w.org\/{rel}","templated":true}]}}