{"id":9521,"date":"2020-04-24T14:17:57","date_gmt":"2020-04-24T14:17:57","guid":{"rendered":"https:\/\/evotek.md\/?post_type=product&#038;p=9521"},"modified":"2020-04-24T14:17:57","modified_gmt":"2020-04-24T14:17:57","slug":"cuptor-pentru-pizza-mec-ml-4","status":"publish","type":"product","link":"https:\/\/evotek.md\/ro\/produse\/echipamente-termice\/cuptoare-pentru-pizza-cuptoare\/cuptor-pentru-pizza-mec-ml-4\/","title":{"rendered":"CUPTOR PENTRU PIZZA -MEC ML 4"},"content":{"rendered":"<p><strong>CUPTOR PENTRU PIZZA -MEC ML 4- <\/strong>Cuptor electric pentru pizza din inox, 2 termostate cu trei poli. Iluminat interior cu l\u0103mpi cu halogen. Suprafa\u021b\u0103 de pr\u0103jire din material refractar.<\/p>\n<p>Caracteristici<\/p>\n<p>Consumul nominal de energie: 6 kW<\/p>\n<p>Tensiune nominal\u0103: 380 V<\/p>\n<p>Num\u0103r camere: 1<\/p>\n<p>Temperatura maxim\u0103: 500 C<\/p>\n<p>Dimensiuni interioare: 720x720x140 mm<\/p>\n<p>Greutate: 115 kg<\/p>\n<p>&nbsp;<\/p>\n","protected":false},"excerpt":{"rendered":"<p>Cuptor pentru pizza. Consumul nominal de energie: 6 kW; Tensiune nominal\u0103: 380 V; Num\u0103r de camere: 1; Temperatura maxim\u0103: 500 C; Dimensiuni interioare: 720x720x140 mm; Greutate: 115 kg.<\/p>\n","protected":false},"featured_media":9520,"template":"","meta":[],"_links":{"self":[{"href":"https:\/\/evotek.md\/ro\/wp-json\/wp\/v2\/product\/9521"}],"collection":[{"href":"https:\/\/evotek.md\/ro\/wp-json\/wp\/v2\/product"}],"about":[{"href":"https:\/\/evotek.md\/ro\/wp-json\/wp\/v2\/types\/product"}],"wp:featuredmedia":[{"embeddable":true,"href":"https:\/\/evotek.md\/ro\/wp-json\/wp\/v2\/media\/9520"}],"wp:attachment":[{"href":"https:\/\/evotek.md\/ro\/wp-json\/wp\/v2\/media?parent=9521"}],"curies":[{"name":"wp","href":"https:\/\/api.w.org\/{rel}","templated":true}]}}