{"id":9516,"date":"2020-04-24T14:07:47","date_gmt":"2020-04-24T14:07:47","guid":{"rendered":"https:\/\/evotek.md\/?post_type=product&#038;p=9516"},"modified":"2020-04-24T14:07:47","modified_gmt":"2020-04-24T14:07:47","slug":"cuptor-pentru-pizza-mec-smart-234","status":"publish","type":"product","link":"https:\/\/evotek.md\/ro\/produse\/echipamente-termice\/cuptoare-pentru-pizza-cuptoare\/cuptor-pentru-pizza-mec-smart-234\/","title":{"rendered":"CUPTOR PENTRU PIZZA -MEC SMART 234"},"content":{"rendered":"<p><strong>CUPTOR PENTRU PIZZA -MEC SMART 234- <\/strong>utilizat \u00een alimenta\u021bie public\u0103 \u0219i comer\u021b pentru coacerea pizzei sau p\u00e2inei. Modelul este echipat cu 2 termostate, o u\u0219\u0103 cu sticl\u0103 termorezistent\u0103 \u0219i iluminare interioar\u0103. Aerul din interior este \u00eenc\u0103lzit folosind elementele de \u00eenc\u0103lzire superioare \u0219i inferioare, oferind o vitez\u0103 mare de g\u0103tit. Carcasa \u0219i u\u0219a sunt realizate din inox, suprafa\u021ba de pr\u0103jire este confec\u021bionat\u0103 din material refractar.<\/p>\n<p>Caracteristici<\/p>\n<p>Consumul nominal de energie: 3,5 kW<\/p>\n<p>Tensiune nominal\u0103: 220 V<\/p>\n<p>Num\u0103rul de camere (vatra): 2<\/p>\n<p>Num\u0103rul de pizza \u00eentr-o camer\u0103: 1<\/p>\n<p>Stare de temperatur\u0103: de la 0 la 350 \u00b0 \u0421<\/p>\n<p>Dimensiunile interioare: 350x410x70,5 mm<\/p>\n<p>Dimensiuni generale: 510x590x350 mm<\/p>\n<p>Greutate: 35 kg<\/p>\n<p>&nbsp;<\/p>\n","protected":false},"excerpt":{"rendered":"<p>Cuptor pentru pizza. Consumul nominal de energie: 3,5 kW; Tensiune nominal\u0103: 220 V; Num\u0103rul de camere (vatra): 2; Num\u0103rul de pizza \u00eentr-o camer\u0103: 1; Stare de temperatur\u0103: de la 0 la 350 \u00b0 C; Dimensiunile interioare: 350x410x70,5 mm; Dimensiuni generale: 510x590x350 mm; Greutate: 35 kg.<\/p>\n","protected":false},"featured_media":9515,"template":"","meta":[],"_links":{"self":[{"href":"https:\/\/evotek.md\/ro\/wp-json\/wp\/v2\/product\/9516"}],"collection":[{"href":"https:\/\/evotek.md\/ro\/wp-json\/wp\/v2\/product"}],"about":[{"href":"https:\/\/evotek.md\/ro\/wp-json\/wp\/v2\/types\/product"}],"wp:featuredmedia":[{"embeddable":true,"href":"https:\/\/evotek.md\/ro\/wp-json\/wp\/v2\/media\/9515"}],"wp:attachment":[{"href":"https:\/\/evotek.md\/ro\/wp-json\/wp\/v2\/media?parent=9516"}],"curies":[{"name":"wp","href":"https:\/\/api.w.org\/{rel}","templated":true}]}}