{"id":951,"date":"2020-02-04T13:46:29","date_gmt":"2020-02-04T13:46:29","guid":{"rendered":"https:\/\/evotek.md\/?post_type=product&#038;p=951"},"modified":"2020-07-20T07:43:48","modified_gmt":"2020-07-20T07:43:48","slug":"rasnita-de-cafea-model-m6","status":"publish","type":"product","link":"https:\/\/evotek.md\/ro\/produse\/echipamente-pentru-bar-si-cafea\/rasnita-de-cafea\/rasnita-de-cafea-model-m6\/","title":{"rendered":"R\u00e2\u0219ni\u021ba de cafea model M6"},"content":{"rendered":"<p><strong>Ma\u0219in\u0103 de m\u0103run\u021bit cafea M6<\/strong> este folosit\u0103 \u00een baruri si restaurante pentru a prepara cafea din boabe.<br \/>\nExist\u0103 posibilitatea regl\u0103rii m\u0103cin\u0103rii.<br \/>\n\u2022 Materialul paharului pentru cafea boabe- plastic rezistent la impact<br \/>\n\u2022 Material cu\u021bitului &#8211; inox<br \/>\n\u2022 Pahar transparent pentru cafea m\u0103cinat\u0103.<\/p>\n<p>Caracteristici<\/p>\n<p>Brand Hurakan<\/p>\n<p>Dimensiuni: 430x140x230 mm<\/p>\n<p>Putere: 0,2kW<\/p>\n<p>Greutate net\u0103: 5 kg<\/p>\n","protected":false},"excerpt":{"rendered":"<p>Ma\u0219in\u0103 de m\u0103run\u021bit cafea. Dimensiuni: 430x140x230 mm; Putere: 0,2kW; Greutate net\u0103: 5 kg.<\/p>\n","protected":false},"featured_media":943,"template":"","meta":[],"_links":{"self":[{"href":"https:\/\/evotek.md\/ro\/wp-json\/wp\/v2\/product\/951"}],"collection":[{"href":"https:\/\/evotek.md\/ro\/wp-json\/wp\/v2\/product"}],"about":[{"href":"https:\/\/evotek.md\/ro\/wp-json\/wp\/v2\/types\/product"}],"wp:featuredmedia":[{"embeddable":true,"href":"https:\/\/evotek.md\/ro\/wp-json\/wp\/v2\/media\/943"}],"wp:attachment":[{"href":"https:\/\/evotek.md\/ro\/wp-json\/wp\/v2\/media?parent=951"}],"curies":[{"name":"wp","href":"https:\/\/api.w.org\/{rel}","templated":true}]}}