{"id":9506,"date":"2020-04-24T13:47:43","date_gmt":"2020-04-24T13:47:43","guid":{"rendered":"https:\/\/evotek.md\/?post_type=product&#038;p=9506"},"modified":"2020-04-24T13:47:43","modified_gmt":"2020-04-24T13:47:43","slug":"cuptor-pentru-pizza-mec-smart-1-50","status":"publish","type":"product","link":"https:\/\/evotek.md\/ro\/produse\/echipamente-termice\/cuptoare-pentru-pizza-cuptoare\/cuptor-pentru-pizza-mec-smart-1-50\/","title":{"rendered":"CUPTOR PENTRU PIZZA -MEC SMART 1-50"},"content":{"rendered":"<p><strong>CUPTOR PENTRU PIZZA -MEC SMART 1-50- <\/strong>Modelul dat este din inox. Iluminat interior. Pirometru pentru fiecare cuptor. Suprafa\u021ba de pr\u0103jire este fabricat\u0103 din material refractar de calitate alimentar\u0103.<\/p>\n<p>Caracteristici<\/p>\n<p>Consum nominal de energie: 3 kW<\/p>\n<p>Tensiune nominal\u0103: 220 V<\/p>\n<p>Num\u0103r de sec\u021biuni: 1<\/p>\n<p>Interval de temperatur\u0103: 0 p\u00e2n\u0103 la 450 \u00b0 \u0421<\/p>\n<p>Dimensiunile interioare: 520x520x110 mm<\/p>\n<p>Dimensiuni generale: 700x600x250 mm<\/p>\n<p>Greutate: 30 kg<\/p>\n<p>&nbsp;<\/p>\n","protected":false},"excerpt":{"rendered":"<p>Cuptor pentru pizza. Consum nominal de energie: 3 kW; Tensiune nominal\u0103: 220 V; Num\u0103r de sec\u021biuni: 1; Interval de temperatur\u0103: 0 p\u00e2n\u0103 la 450 \u00b0 C; Dimensiunile interne ale camerei: 520x520x110 mm; Dimensiuni generale: 700x600x250 mm; Greutate: 30 kg.<\/p>\n","protected":false},"featured_media":9505,"template":"","meta":[],"_links":{"self":[{"href":"https:\/\/evotek.md\/ro\/wp-json\/wp\/v2\/product\/9506"}],"collection":[{"href":"https:\/\/evotek.md\/ro\/wp-json\/wp\/v2\/product"}],"about":[{"href":"https:\/\/evotek.md\/ro\/wp-json\/wp\/v2\/types\/product"}],"wp:featuredmedia":[{"embeddable":true,"href":"https:\/\/evotek.md\/ro\/wp-json\/wp\/v2\/media\/9505"}],"wp:attachment":[{"href":"https:\/\/evotek.md\/ro\/wp-json\/wp\/v2\/media?parent=9506"}],"curies":[{"name":"wp","href":"https:\/\/api.w.org\/{rel}","templated":true}]}}