{"id":9496,"date":"2020-04-24T13:27:37","date_gmt":"2020-04-24T13:28:07","guid":{"rendered":"https:\/\/evotek.md\/?post_type=product&#038;p=9496"},"modified":"2023-02-23T15:37:42","modified_gmt":"2023-02-23T15:37:42","slug":"storcator-pentru-citrice-mec-sa-a","status":"publish","type":"product","link":"https:\/\/evotek.md\/ro\/produse\/echipamente-electromecanice\/storcatoare-electrice\/storcator-pentru-citrice-mec-sa-a\/","title":{"rendered":"STORCATOR DE CITRICE -MEC SA-A"},"content":{"rendered":"<p><strong>STORCATOR DE CITRICE -MEC SA-A- <\/strong>solu\u021bie practic\u0103 \u0219i fiabil\u0103 pentru utilizarea \u00een restaurante \u0219i baruri, unde vizitatorilor li se ofer\u0103 suc proasp\u0103t stors. Un storc\u0103tor comercial de suc din citrice este un dispozitiv puternic. Acest storc\u0103tor profesional este perfect pentru orice buc\u0103t\u0103rie.<\/p>\n<p>Caracteristici<\/p>\n<p>Consumul nominal de energie: 0,35 kW<\/p>\n<p>Tensiune nominal\u0103: 1 faz\u0103, 220 V<\/p>\n<p>Vitez\u0103: 1400 rpm.<\/p>\n<p>Dimensiuni: 180x300x360 mm<\/p>\n<p>Greutate: 8,5 kg<\/p>\n<p>&nbsp;<\/p>\n<p>&nbsp;<\/p>\n<p>&nbsp;<\/p>\n","protected":false},"excerpt":{"rendered":"<p>Storc\u0103tor pentru citrice. Consumul nominal de energie: 0,35 kW; Tensiune nominal\u0103: 1 faz\u0103, 220 V; Vitez\u0103: 1400 rpm; Dimensiuni: 180x300x360 mm; Greutate: 8,5 kg<\/p>\n","protected":false},"featured_media":9495,"template":"","meta":[],"_links":{"self":[{"href":"https:\/\/evotek.md\/ro\/wp-json\/wp\/v2\/product\/9496"}],"collection":[{"href":"https:\/\/evotek.md\/ro\/wp-json\/wp\/v2\/product"}],"about":[{"href":"https:\/\/evotek.md\/ro\/wp-json\/wp\/v2\/types\/product"}],"wp:featuredmedia":[{"embeddable":true,"href":"https:\/\/evotek.md\/ro\/wp-json\/wp\/v2\/media\/9495"}],"wp:attachment":[{"href":"https:\/\/evotek.md\/ro\/wp-json\/wp\/v2\/media?parent=9496"}],"curies":[{"name":"wp","href":"https:\/\/api.w.org\/{rel}","templated":true}]}}