{"id":9476,"date":"2020-04-24T12:30:06","date_gmt":"2020-04-24T12:30:30","guid":{"rendered":"https:\/\/evotek.md\/?post_type=product&#038;p=9476"},"modified":"2023-02-24T13:16:42","modified_gmt":"2023-02-24T13:16:42","slug":"cutter-mec-pro-5-l","status":"publish","type":"product","link":"https:\/\/evotek.md\/ro\/produse\/echipamente-electromecanice\/cutter-profesional\/cutter-mec-pro-5-l\/","title":{"rendered":"CUTTER 5 LITRI -MEC PRO5"},"content":{"rendered":"<p><strong>CUTTER 5 LITRI &#8211;<\/strong><strong>MEC PRO5-<\/strong><strong>\u00a0<\/strong>Cutter profesional. Carcasa este din inox, capacul transparent cu sigiliu ermetic pentru lichide, motorul ventilat profesional cu protec\u021bie termic\u0103, cu\u021bite \u0219i man\u0219on pentru cu\u021bite din inox, \u00eentrerup\u0103tor pornire\/oprire cu substa\u021bie de 24 de vol\u021bi.<\/p>\n<p>Caracteristici<\/p>\n<p>Consumul nominal de energie: 1,1 kW<\/p>\n<p>Tensiune nominal\u0103: 1 faz\u0103, 220 V<\/p>\n<p>Vitez\u0103: 1400 rpm.<\/p>\n<p>Capacitate de lucru: 3,3 kg<\/p>\n<p>Volumul: 0,038 m3<\/p>\n<p>Dimensiuni: 260x290x500 mm<\/p>\n<p>Greutate: 23,5 kg<\/p>\n<p>&nbsp;<\/p>\n<p>&nbsp;<\/p>\n","protected":false},"excerpt":{"rendered":"<p>Cutter la 5 l. Consumul nominal de energie: 1,1 kW; Tensiune nominal\u0103: 1 faz\u0103, 220 V; Vitez\u0103: 1400 rpm.; Capacitate de lucru: 3,3 kg; Volumul: 0,038 m3; Dimensiuni: 260x290x500 mm; Greutate: 23,5 kg.<\/p>\n","protected":false},"featured_media":9475,"template":"","meta":[],"_links":{"self":[{"href":"https:\/\/evotek.md\/ro\/wp-json\/wp\/v2\/product\/9476"}],"collection":[{"href":"https:\/\/evotek.md\/ro\/wp-json\/wp\/v2\/product"}],"about":[{"href":"https:\/\/evotek.md\/ro\/wp-json\/wp\/v2\/types\/product"}],"wp:featuredmedia":[{"embeddable":true,"href":"https:\/\/evotek.md\/ro\/wp-json\/wp\/v2\/media\/9475"}],"wp:attachment":[{"href":"https:\/\/evotek.md\/ro\/wp-json\/wp\/v2\/media?parent=9476"}],"curies":[{"name":"wp","href":"https:\/\/api.w.org\/{rel}","templated":true}]}}