{"id":9467,"date":"2020-04-24T12:11:01","date_gmt":"2020-04-24T12:11:01","guid":{"rendered":"https:\/\/evotek.md\/?post_type=product&#038;p=9467"},"modified":"2021-06-18T13:11:08","modified_gmt":"2021-06-18T13:11:08","slug":"cuptor-cu-abur-mec-ge-511-svr-1b","status":"publish","type":"product","link":"https:\/\/evotek.md\/ro\/produse\/echipamente-termice\/cuptoare-cu-abur-2-teplovoe-oborudovanie\/cuptor-cu-abur-mec-ge-511-svr-1b\/","title":{"rendered":"CUPTOR CU ABUR, 5 NIVELE -MEC GE 511 SVR.1B"},"content":{"rendered":"<p><strong>CUPTOR CU ABUR, 5 NIVELE<\/strong> <strong>-MEC GE 511 SVR.1B-<\/strong> Cuptorul cu abur este conceput pentru prepararea unei game largi de feluri de m\u00e2ncare: carne, pe\u0219te, p\u0103s\u0103ri de curte, fructe de mare, legume, \u0219i copturi la unit\u0103\u021bile de alimenta\u021bie public\u0103 \u0219i \u00een atelierele de produc\u021bie, a c\u0103ror activitate este asociat\u0103 cu produc\u021bia de produse gastronomice. Dispozitivul permite preg\u0103tirea a mai multor preparate simultan, f\u0103r\u0103 a le amesteca mirosurile \u0219i gusturile.<\/p>\n<p><strong>*Pentru a beneficia de garan\u021bie este obligatoriu de a fi instalat filtru DVA pentru acest echipament.<\/strong><\/p>\n<p>Caracteristici<\/p>\n<p>Num\u0103r de niveluri: 5 buc<\/p>\n<p>Distan\u021ba dintre nivele: 67 mm<\/p>\n<p>Tip de recipiente gastronome: 1\/1 GN (530 \u00d7 325 mm)<\/p>\n<p>Intervalul de temperatur\u0103 \u00een interior: 30-285 \u00b0 C<\/p>\n<p>Tipul de vaporizare: injec\u021bie<\/p>\n<p>Panou de control: mecanic<\/p>\n<p>Dimensiuni generale externe: 790 \u00d7 945 \u00d7 770 mm<\/p>\n<p>Parametri de alimentare: 230\/400 V &#8211; 50-60 V \/ Hz<\/p>\n<p>Putere: 10,8 kW<\/p>\n<p>Greutate: 103 kg<\/p>\n","protected":false},"excerpt":{"rendered":"<p>Cuptor cu abur. Num\u0103r de niveluri: 5 buc; Distan\u021ba dintre niveluri: 67 mm; Tip de recipiente gastronome: 1\/1 GN (530 \u00d7 325 mm); Intervalul de temperatur\u0103 \u00een interior: 30-285 \u00b0 C; Tipul de vaporizare: injec\u021bie; Panou de control: mecanic; Dimensiuni generale externe: 790\u00d7945\u00d7770 mm; Parametri de alimentare: 230\/400 V &#8211; 50-60 V\/ Hz; Putere: 10,8 kW; Greutate: 103 kg.<\/p>\n<p><strong>*T\u0103vile GN \u0219i t\u0103vile pentru patiserie nu sunt incluse \u00een set.<\/strong><br \/>\n<strong>*Recomand\u0103m instalarea adi\u021bional\u0103 a unui filtru DVA pentru o bun\u0103 func\u021bionare a cuptorului.<\/strong><\/p>\n","protected":false},"featured_media":9466,"template":"","meta":[],"_links":{"self":[{"href":"https:\/\/evotek.md\/ro\/wp-json\/wp\/v2\/product\/9467"}],"collection":[{"href":"https:\/\/evotek.md\/ro\/wp-json\/wp\/v2\/product"}],"about":[{"href":"https:\/\/evotek.md\/ro\/wp-json\/wp\/v2\/types\/product"}],"wp:featuredmedia":[{"embeddable":true,"href":"https:\/\/evotek.md\/ro\/wp-json\/wp\/v2\/media\/9466"}],"wp:attachment":[{"href":"https:\/\/evotek.md\/ro\/wp-json\/wp\/v2\/media?parent=9467"}],"curies":[{"name":"wp","href":"https:\/\/api.w.org\/{rel}","templated":true}]}}