{"id":9459,"date":"2020-04-24T11:48:21","date_gmt":"2020-04-24T11:48:21","guid":{"rendered":"https:\/\/evotek.md\/?post_type=product&#038;p=9459"},"modified":"2020-04-24T11:48:21","modified_gmt":"2020-04-24T11:48:21","slug":"presa-pentru-pizza-mec-pfc-45","status":"publish","type":"product","link":"https:\/\/evotek.md\/ro\/produse\/echipamente-electromecanice\/presa-pentru-pizza\/presa-pentru-pizza-mec-pfc-45\/","title":{"rendered":"PRES\u0102 PENTRU PIZZA -MEC PFC 45"},"content":{"rendered":"<p><strong>PRES\u0102 PENTRU PIZZA -MEC PFC 45-<\/strong> Productivitate crescut\u0103 datorit\u0103 pl\u0103cilor din inox \u0219i pl\u0103cii de jos cu o conductivitate termic\u0103 ridicat\u0103. Ciclul de serviciu scurt. Timp de fr\u0103m\u00e2ntare de la 0,5 secunde, \u00eenchidere rapid\u0103. Disponibil pentru utilizarea chiar \u0219i de c\u0103tre personalul \u00eencep\u0103tor. U\u0219or de cur\u0103\u021bat datorit\u0103 pl\u0103cii \u0219i z\u0103brelelor deta\u0219abile. Reglare simpl\u0103 a grosimii aluatului. Discuri progresive. Aluatul pentru pizza se prime\u0219te cu margini. Elementele de \u00eenc\u0103lzire sunt \u00eencorporate.<\/p>\n<p>Caracteristici<\/p>\n<p>Consumul nominal de energie: 8,1 kW<\/p>\n<p>Tensiune nominal\u0103: 220 V<\/p>\n<p>Diametrul pl\u0103cii: 450 mm<\/p>\n<p>Temperatura pl\u0103cii: 130 \u00b0 C-170 \u00b0 C<\/p>\n<p>Greutatea aluatului: 250-500 g<\/p>\n<p>Dimensiuni: 550x670x890 mm<\/p>\n<p>Greutate: 127 kg<\/p>\n<p>&nbsp;<\/p>\n","protected":false},"excerpt":{"rendered":"<p>Pres\u0103 pentru pizza. Consum nominal de energie: 8,1 kW; Tensiune nominal\u0103: 220 V; Diametrul pl\u0103cilor: 450 mm; Temperatura pl\u0103cii: 130 \u00b0 \u0421-170 \u00b0 \u0421; Greutatea aluatului: 250-500 g; Dimensiuni: 550x670x890 mm; Greutate: 127 kg.<\/p>\n","protected":false},"featured_media":9458,"template":"","meta":[],"_links":{"self":[{"href":"https:\/\/evotek.md\/ro\/wp-json\/wp\/v2\/product\/9459"}],"collection":[{"href":"https:\/\/evotek.md\/ro\/wp-json\/wp\/v2\/product"}],"about":[{"href":"https:\/\/evotek.md\/ro\/wp-json\/wp\/v2\/types\/product"}],"wp:featuredmedia":[{"embeddable":true,"href":"https:\/\/evotek.md\/ro\/wp-json\/wp\/v2\/media\/9458"}],"wp:attachment":[{"href":"https:\/\/evotek.md\/ro\/wp-json\/wp\/v2\/media?parent=9459"}],"curies":[{"name":"wp","href":"https:\/\/api.w.org\/{rel}","templated":true}]}}