{"id":9452,"date":"2020-04-24T11:26:55","date_gmt":"2020-04-24T11:26:55","guid":{"rendered":"https:\/\/evotek.md\/?post_type=product&#038;p=9452"},"modified":"2020-04-24T11:26:55","modified_gmt":"2020-04-24T11:26:55","slug":"masina-de-modelat-aluat-rotund-mec-drm-300","status":"publish","type":"product","link":"https:\/\/evotek.md\/ro\/produse\/echipamente-electromecanice\/masina-de-modelat-aluat-rotund\/masina-de-modelat-aluat-rotund-mec-drm-300\/","title":{"rendered":"MA\u0218IN\u0102 DE MODELAT ALUAT ROTUND -MEC DRM 300"},"content":{"rendered":"<p><strong>MA\u0218IN\u0102 DE MODELAT ALUAT ROTUND<\/strong> <strong>-MEC DRM 300- <\/strong>Creat pentru rotunjirea automat\u0103 a buc\u0103\u021bilor de aluat por\u021bionate f\u0103r\u0103 a schimba accesoriile. Se rotunje\u0219te o por\u021bie \u00eentr-o secund\u0103. Capacul este cu micro\u00eentrerup\u0103tor. Spirala din teflon. Comutatorul START\/STOP cu unitatea de 24 V. Toate piesele se \u00eendep\u0103rteaz\u0103 pentru o cur\u0103\u021bare u\u0219oar\u0103.<\/p>\n<p>Caracteristici<\/p>\n<p>Consumul de putere nominal: 0,5 kW<\/p>\n<p>Tensiune nominal\u0103: 230\/400 V<\/p>\n<p>Greutatea por\u021biei: 20-300 gr.<\/p>\n<p>Dimensiuni: 330x550x810 mm<\/p>\n<p>Greutate: 47 kg<\/p>\n<p>&nbsp;<\/p>\n","protected":false},"excerpt":{"rendered":"<p>Ma\u0219in\u0103 de modelat aluat rotund. Consumul nominal de energie: 0,5 kW; Tensiune nominal\u0103: 230\/400 V; Greutatea por\u021biei: 20-300 gr.; Dimensiuni: 330x550x810 mm; Greutate: 47 kg.<\/p>\n","protected":false},"featured_media":9451,"template":"","meta":[],"_links":{"self":[{"href":"https:\/\/evotek.md\/ro\/wp-json\/wp\/v2\/product\/9452"}],"collection":[{"href":"https:\/\/evotek.md\/ro\/wp-json\/wp\/v2\/product"}],"about":[{"href":"https:\/\/evotek.md\/ro\/wp-json\/wp\/v2\/types\/product"}],"wp:featuredmedia":[{"embeddable":true,"href":"https:\/\/evotek.md\/ro\/wp-json\/wp\/v2\/media\/9451"}],"wp:attachment":[{"href":"https:\/\/evotek.md\/ro\/wp-json\/wp\/v2\/media?parent=9452"}],"curies":[{"name":"wp","href":"https:\/\/api.w.org\/{rel}","templated":true}]}}