{"id":9435,"date":"2020-04-24T10:50:09","date_gmt":"2020-04-24T10:50:09","guid":{"rendered":"https:\/\/evotek.md\/?post_type=product&#038;p=9435"},"modified":"2021-07-05T07:40:52","modified_gmt":"2021-07-05T07:40:52","slug":"masina-de-tocat-carne-mec-tc-12","status":"publish","type":"product","link":"https:\/\/evotek.md\/ro\/produse\/echipamente-electromecanice\/masina-de-tocat-carne\/masina-de-tocat-carne-mec-tc-12\/","title":{"rendered":"MA\u0218IN\u0102 DE TOCAT CARNE -MEC TC 12"},"content":{"rendered":"<p><strong>MA\u0218IN\u0102 DE TOCAT CARNE -MEC TC 12-<\/strong> este destinat\u0103 pentru a toca de consisten\u021b\u0103 necesar\u0103 carne, pe\u0219te sau alte tipuri de produse, inclusiv legume, fructe, etc. O astfel de ma\u0219in\u0103 de tocat carne poate deveni, pe bun\u0103 dreptate, parte integrant\u0103 a oric\u0103rei buc\u0103t\u0103rii profesionale.<\/p>\n<p>Caracteristici<\/p>\n<p>Consumul nominal de energie: 1 \/ 0,75 kW<\/p>\n<p>Tensiune nominal\u0103: 1 faz\u0103, 220\/380 V<\/p>\n<p>Productivitate: 140 kg \/ or\u0103.<\/p>\n<p>Materialul carcasei: aluminiu<\/p>\n<p>Materialul recipientului pentru carne: inox<\/p>\n<p>Dimensiuni: 240x400x300 mm<\/p>\n<p>Greutate: 22 kg<\/p>\n<p>Este disponibil\u0103 \u00een versiunea basic \u0219i versiunea CE<\/p>\n<p>&nbsp;<\/p>\n<p>&nbsp;<\/p>\n","protected":false},"excerpt":{"rendered":"<p>Ma\u0219in\u0103 de tocat carne cu o productivitate de 140 kg\/ ora. Consumul nominal de energie: 1 \/ 0,75 kW; Tensiune nominal\u0103: 1 faz\u0103, 220\/380 V; Materialul carcasei: aluminiu; Materialul recipientului pentru carne: inox; Dimensiuni: 240x400x300 mm; Greutate: 22 kg; Este disponibil\u0103 \u00een versiunea basic \u0219i versiunea CE.<\/p>\n","protected":false},"featured_media":9434,"template":"","meta":[],"_links":{"self":[{"href":"https:\/\/evotek.md\/ro\/wp-json\/wp\/v2\/product\/9435"}],"collection":[{"href":"https:\/\/evotek.md\/ro\/wp-json\/wp\/v2\/product"}],"about":[{"href":"https:\/\/evotek.md\/ro\/wp-json\/wp\/v2\/types\/product"}],"wp:featuredmedia":[{"embeddable":true,"href":"https:\/\/evotek.md\/ro\/wp-json\/wp\/v2\/media\/9434"}],"wp:attachment":[{"href":"https:\/\/evotek.md\/ro\/wp-json\/wp\/v2\/media?parent=9435"}],"curies":[{"name":"wp","href":"https:\/\/api.w.org\/{rel}","templated":true}]}}