{"id":9420,"date":"2020-04-24T10:20:55","date_gmt":"2020-04-24T10:21:32","guid":{"rendered":"https:\/\/evotek.md\/?post_type=product&#038;p=9420"},"modified":"2023-07-14T10:11:48","modified_gmt":"2023-07-14T10:11:48","slug":"masina-de-tocat-carne-mec-tc-22-2000","status":"publish","type":"product","link":"https:\/\/evotek.md\/ro\/produse\/echipamente-electromecanice\/masina-de-tocat-carne\/masina-de-tocat-carne-mec-tc-22-2000\/","title":{"rendered":"MASINA DE TOCAT CARNE -MEC TC22-TRIF-G"},"content":{"rendered":"<p><strong>MASINA DE TOCAT CARNE -MEC TC22-TRIF-G-<\/strong> este destinat\u0103 pentru a toca de consisten\u021b\u0103 necesar\u0103 carne, pe\u0219te sau alte tipuri de produse, inclusiv legume, fructe, etc. O astfel de ma\u0219in\u0103 de tocat carne poate deveni, pe bun\u0103 dreptate, parte integrant\u0103 a oric\u0103rei buc\u0103t\u0103rii profesionale.<\/p>\n<p>Caracteristici<\/p>\n<p>Consumul nominal de energie: 1 kW<\/p>\n<p>Tensiune nominal\u0103: 3 faz\u0103, 440 V<\/p>\n<p>Productivitate: 280 kg \/ or\u0103.<\/p>\n<p>Materialul carcasei: aluminiu<\/p>\n<p>Materialul recipientului pentru carne: inox<\/p>\n<p>Dimensiuni: 450x240x390 mm<\/p>\n<p>Greutate: 27 kg<\/p>\n<p>&nbsp;<\/p>\n","protected":false},"excerpt":{"rendered":"<p>Ma\u0219in\u0103 de tocat carne cu o productivitate de 280 kg\/ ora. Consumul nominal de energie: 1 kW; Tensiune nominal\u0103: 3 faz\u0103, 440 V; Materialul carcasei: aluminiu; Materialul recipientului pentru carne: inox; Dimensiuni: 450x240x390 mm; Greutate: 27 kg.<\/p>\n","protected":false},"featured_media":9419,"template":"","meta":[],"_links":{"self":[{"href":"https:\/\/evotek.md\/ro\/wp-json\/wp\/v2\/product\/9420"}],"collection":[{"href":"https:\/\/evotek.md\/ro\/wp-json\/wp\/v2\/product"}],"about":[{"href":"https:\/\/evotek.md\/ro\/wp-json\/wp\/v2\/types\/product"}],"wp:featuredmedia":[{"embeddable":true,"href":"https:\/\/evotek.md\/ro\/wp-json\/wp\/v2\/media\/9419"}],"wp:attachment":[{"href":"https:\/\/evotek.md\/ro\/wp-json\/wp\/v2\/media?parent=9420"}],"curies":[{"name":"wp","href":"https:\/\/api.w.org\/{rel}","templated":true}]}}