{"id":9412,"date":"2020-04-24T10:07:58","date_gmt":"2020-04-24T10:07:58","guid":{"rendered":"https:\/\/evotek.md\/?post_type=product&#038;p=9412"},"modified":"2020-04-24T10:16:59","modified_gmt":"2020-04-24T10:16:59","slug":"masina-de-tocat-carne-razatoare-mec-tg-32-2000","status":"publish","type":"product","link":"https:\/\/evotek.md\/ro\/produse\/echipamente-electromecanice\/masina-de-tocat-carne\/masina-de-tocat-carne-razatoare-mec-tg-32-2000\/","title":{"rendered":"MA\u0218IN\u0102 DE TOCAT CARNE -MEC TC 32\/2000"},"content":{"rendered":"<p><strong>MA\u0218IN\u0102 DE TOCAT CARNE -MEC TG 32\/2000-<\/strong> este destinat\u0103 pentru a toca de consisten\u021b\u0103 necesar\u0103 carne, pe\u0219te sau alte tipuri de produse, inclusiv legume, fructe, etc. O astfel de ma\u0219in\u0103 de tocat carne poate deveni, pe bun\u0103 dreptate, parte integrant\u0103 a oric\u0103rei buc\u0103t\u0103rii profesionale.<\/p>\n<p>Caracteristici<\/p>\n<p>Consumul nominal de energie: 2,2 \u00a0kW<\/p>\n<p>Tensiune nominal\u0103: 3 faz\u0103, 440 V<\/p>\n<p>Productivitate: 550 kg \/ or\u0103.<\/p>\n<p>Materialul carcasei: aluminiu<\/p>\n<p>Materialul recipientului pentru carne: inox<\/p>\n<p>Dimensiuni: 470x300x450 mm<\/p>\n<p>Greutate: 44 kg<\/p>\n<p>&nbsp;<\/p>\n<p>&nbsp;<\/p>\n<p>&nbsp;<\/p>\n","protected":false},"excerpt":{"rendered":"<p>Ma\u0219in\u0103 de tocat carne cu o productivitate de 550 kg\/ ora. Consumul nominal de energie: 2,2 kW; Tensiune nominal\u0103: 3 faz\u0103, 440 V; Materialul carcasei: aluminiu; Materialul recipientului pentru carne: inox; Dimensiuni: 470x300x450 mm; Greutate: 44 kg.<\/p>\n","protected":false},"featured_media":9411,"template":"","meta":[],"_links":{"self":[{"href":"https:\/\/evotek.md\/ro\/wp-json\/wp\/v2\/product\/9412"}],"collection":[{"href":"https:\/\/evotek.md\/ro\/wp-json\/wp\/v2\/product"}],"about":[{"href":"https:\/\/evotek.md\/ro\/wp-json\/wp\/v2\/types\/product"}],"wp:featuredmedia":[{"embeddable":true,"href":"https:\/\/evotek.md\/ro\/wp-json\/wp\/v2\/media\/9411"}],"wp:attachment":[{"href":"https:\/\/evotek.md\/ro\/wp-json\/wp\/v2\/media?parent=9412"}],"curies":[{"name":"wp","href":"https:\/\/api.w.org\/{rel}","templated":true}]}}