{"id":9407,"date":"2020-04-24T10:01:55","date_gmt":"2020-04-24T10:01:55","guid":{"rendered":"https:\/\/evotek.md\/?post_type=product&#038;p=9407"},"modified":"2020-04-24T10:01:56","modified_gmt":"2020-04-24T10:01:56","slug":"masina-de-tocat-carne-razatoare-mec-tg-8","status":"publish","type":"product","link":"https:\/\/evotek.md\/ro\/produse\/echipamente-electromecanice\/masina-de-tocat-carne\/masina-de-tocat-carne-razatoare-mec-tg-8\/","title":{"rendered":"MA\u0218IN\u0102 DE TOCAT CARNE-R\u0102Z\u0102TOARE -MEC TG 8"},"content":{"rendered":"<p><strong>MA\u0218IN\u0102 DE TOCAT CARNE-R\u0102Z\u0102TOARE -MEC TG 8-<\/strong> Conceput pentru a toca carne, \u0219i a zdrobi br\u00e2nzeturi tari. O ma\u0219in\u0103 de tocat carne poate deveni o parte integrant\u0103 a oric\u0103rei buc\u0103t\u0103rii profesionale.<\/p>\n<p>Caracteristici<\/p>\n<p>Consumul nominal de energie: 0,35 kW<\/p>\n<p>Tensiune nominal\u0103: 1 faz\u0103, 220 V<\/p>\n<p>Productivitate: 40 kg \/ or\u0103.<\/p>\n<p>Materialul carcasei: aluminiu<\/p>\n<p>Materialul recipientului pentru carne: inox<\/p>\n<p>Dimensiuni: 410x280x335 mm<\/p>\n<p>Greutate: 12 kg<\/p>\n<p>&nbsp;<\/p>\n<p>&nbsp;<\/p>\n","protected":false},"excerpt":{"rendered":"<p>Ma\u0219in\u0103 de tocat carne cu o productivitate de 40 kg\/ ora. Consumul nominal de energie: 0,35 kW; Tensiune nominal\u0103: 1 faz\u0103, 220 V; Materialul carcasei: aluminiu; Materialul recipientului pentru carne: inox; Dimensiuni: 410x280x335 mm; Greutate: 12 kg.<\/p>\n","protected":false},"featured_media":9406,"template":"","meta":[],"_links":{"self":[{"href":"https:\/\/evotek.md\/ro\/wp-json\/wp\/v2\/product\/9407"}],"collection":[{"href":"https:\/\/evotek.md\/ro\/wp-json\/wp\/v2\/product"}],"about":[{"href":"https:\/\/evotek.md\/ro\/wp-json\/wp\/v2\/types\/product"}],"wp:featuredmedia":[{"embeddable":true,"href":"https:\/\/evotek.md\/ro\/wp-json\/wp\/v2\/media\/9406"}],"wp:attachment":[{"href":"https:\/\/evotek.md\/ro\/wp-json\/wp\/v2\/media?parent=9407"}],"curies":[{"name":"wp","href":"https:\/\/api.w.org\/{rel}","templated":true}]}}