{"id":9374,"date":"2020-04-23T20:26:59","date_gmt":"2020-04-23T20:27:32","guid":{"rendered":"https:\/\/evotek.md\/?post_type=product&#038;p=9374"},"modified":"2023-02-07T15:50:26","modified_gmt":"2023-02-07T15:50:26","slug":"masina-de-curatat-cartofi-mec-pl-15","status":"publish","type":"product","link":"https:\/\/evotek.md\/ro\/produse\/echipamente-electromecanice\/masina-de-curatat-cartofi\/masina-de-curatat-cartofi-mec-pl-15\/","title":{"rendered":"MASINA DE CURATAT CARTOFI 15 kg (400 V) -MEC PL 15"},"content":{"rendered":"<p><strong>MASINA DE CURATAT CARTOFI 15 kg (400 V) -MEC PL 15- <\/strong>folosit pentru a coji cartofii, morcovii, sfecla \u0219i altele. Ma\u0219ina de cur\u0103\u021bat cartofi este format\u0103 dintr-un disc abraziv, un recipient de lucru cu un capac puternic, un compartiment special \u0219i o u\u0219\u0103. Pe panoul de control, pute\u021bi regla timpul de cur\u0103\u021bare \u0219i s\u0103 opri\u021bi dispozitivul cu ajutorul butonului de urgen\u021b\u0103.<\/p>\n<p>Caracteristici<\/p>\n<p>Consumul nominal de energie: 0,9 kW<\/p>\n<p>Tensiune nominal\u0103: 3 faze, 400 V<\/p>\n<p>Capacitate bunc\u0103r: 15 kg<\/p>\n<p>Productivitate: 500 kg\/ or\u0103<\/p>\n<p>Dimensiuni: 400x500x900 mm<\/p>\n<p>Greutate: 36 kg<\/p>\n<p>&nbsp;<\/p>\n","protected":false},"excerpt":{"rendered":"<p>Ma\u0219in\u0103 de cur\u0103\u021bat cartofi cu o productivitate de 500 kg\/ or\u0103. Consum nominal de energie: 0,9 kW; Tensiune nominal\u0103: 3 ph., 400 V; Volumul bunc\u0103rului: 15 kg; Dimensiuni: 400x500x900 mm; Greutate: 36 kg.<\/p>\n","protected":false},"featured_media":9373,"template":"","meta":[],"_links":{"self":[{"href":"https:\/\/evotek.md\/ro\/wp-json\/wp\/v2\/product\/9374"}],"collection":[{"href":"https:\/\/evotek.md\/ro\/wp-json\/wp\/v2\/product"}],"about":[{"href":"https:\/\/evotek.md\/ro\/wp-json\/wp\/v2\/types\/product"}],"wp:featuredmedia":[{"embeddable":true,"href":"https:\/\/evotek.md\/ro\/wp-json\/wp\/v2\/media\/9373"}],"wp:attachment":[{"href":"https:\/\/evotek.md\/ro\/wp-json\/wp\/v2\/media?parent=9374"}],"curies":[{"name":"wp","href":"https:\/\/api.w.org\/{rel}","templated":true}]}}