{"id":9369,"date":"2020-04-23T20:06:38","date_gmt":"2020-04-23T20:08:26","guid":{"rendered":"https:\/\/evotek.md\/?post_type=product&#038;p=9369"},"modified":"2023-02-07T15:53:00","modified_gmt":"2023-02-07T15:53:00","slug":"masina-de-curatat-cartofi-mec-pl-8","status":"publish","type":"product","link":"https:\/\/evotek.md\/ro\/produse\/echipamente-electromecanice\/masina-de-curatat-cartofi\/masina-de-curatat-cartofi-mec-pl-8\/","title":{"rendered":"MASINA DE CURATAT CARTOFI 8 kg (400 V) -MEC PL 8"},"content":{"rendered":"<p><strong>MASINA DE CURATAT CARTOFI 8 kg (400 V) -MEC PL 8- <\/strong>folosit pentru a coji cartofii, morcovii, sfecla \u0219i altele. Ma\u0219ina de cur\u0103\u021bat cartofi este format\u0103 dintr-un disc abraziv, un recipient de lucru cu un capac puternic, un compartiment special \u0219i o u\u0219\u0103. Pe panoul de control, pute\u021bi regla timpul de cur\u0103\u021bare \u0219i s\u0103 opri\u021bi dispozitivul cu ajutorul butonului de urgen\u021b\u0103.<\/p>\n<p>Caracteristici<\/p>\n<p>Consumul nominal de energie: 0,55 kW<\/p>\n<p>Tensiune nominal\u0103: 3 faze, 400 V<\/p>\n<p>Capacitate bunc\u0103r: 8 kg<\/p>\n<p>Productivitate: 250 kg\/ or\u0103<\/p>\n<p>Dimensiuni: 320x420x800 mm<\/p>\n<p>Greutate: 26 kg<\/p>\n<p>&nbsp;<\/p>\n","protected":false},"excerpt":{"rendered":"<p>Ma\u0219in\u0103 de cur\u0103\u021bat cartofi cu o productivitate de 250 kg\/ or\u0103. Consum nominal de energie: 0,55 kW; Tensiune nominal\u0103: 3 ph., 400 V; Volumul bunc\u0103rului: 8 kg; Dimensiuni: 320x420x800 mm; Greutate: 26 kg.<\/p>\n","protected":false},"featured_media":9368,"template":"","meta":[],"_links":{"self":[{"href":"https:\/\/evotek.md\/ro\/wp-json\/wp\/v2\/product\/9369"}],"collection":[{"href":"https:\/\/evotek.md\/ro\/wp-json\/wp\/v2\/product"}],"about":[{"href":"https:\/\/evotek.md\/ro\/wp-json\/wp\/v2\/types\/product"}],"wp:featuredmedia":[{"embeddable":true,"href":"https:\/\/evotek.md\/ro\/wp-json\/wp\/v2\/media\/9368"}],"wp:attachment":[{"href":"https:\/\/evotek.md\/ro\/wp-json\/wp\/v2\/media?parent=9369"}],"curies":[{"name":"wp","href":"https:\/\/api.w.org\/{rel}","templated":true}]}}