{"id":9364,"date":"2020-04-23T19:37:11","date_gmt":"2020-04-23T19:42:23","guid":{"rendered":"https:\/\/evotek.md\/?post_type=product&#038;p=9364"},"modified":"2023-02-07T15:52:39","modified_gmt":"2023-02-07T15:52:39","slug":"masina-de-curatat-cartofi-mec-pl-4","status":"publish","type":"product","link":"https:\/\/evotek.md\/ro\/produse\/echipamente-electromecanice\/masina-de-curatat-cartofi\/masina-de-curatat-cartofi-mec-pl-4\/","title":{"rendered":"MASINA DE CURATAT CARTOFI 4 kg (400 V) -MEC PL 4"},"content":{"rendered":"<p><strong>MASINA DE CURATAT CARTOFI 4 kg (400 V) -MEC PL 4- <\/strong>optim pentru cur\u0103\u021barea mecanic\u0103 a cartofilor. Utilizarea acestui echipament ofer\u0103 o oportunitate de a optimiza \u0219i de a accelera semnificativ procesul de g\u0103tit.<\/p>\n<p>Caracteristici<\/p>\n<p>Consumul nominal de energie: 0,26 kW<\/p>\n<p>Tensiune nominal\u0103: 3 faze, 400 V<\/p>\n<p>Capacitate bunc\u0103r: 4 kg<\/p>\n<p>Productivitate: 120 kg\/ or\u0103<\/p>\n<p>Dimensiuni: 320x420x560 mm<\/p>\n<p>Greutate: 22 kg<\/p>\n<p>&nbsp;<\/p>\n<p>&nbsp;<\/p>\n","protected":false},"excerpt":{"rendered":"<p>Ma\u0219in\u0103 de cur\u0103\u021bat cartofi cu o productivitate de 120 kg\/ or\u0103. Consum nominal de energie: 0,26 kW; Tensiune nominal\u0103: 3 ph., 400 V; Volumul bunc\u0103rului: 4 kg; Dimensiuni: 320x420x560 mm; Greutate: 22 kg.<\/p>\n","protected":false},"featured_media":9363,"template":"","meta":[],"_links":{"self":[{"href":"https:\/\/evotek.md\/ro\/wp-json\/wp\/v2\/product\/9364"}],"collection":[{"href":"https:\/\/evotek.md\/ro\/wp-json\/wp\/v2\/product"}],"about":[{"href":"https:\/\/evotek.md\/ro\/wp-json\/wp\/v2\/types\/product"}],"wp:featuredmedia":[{"embeddable":true,"href":"https:\/\/evotek.md\/ro\/wp-json\/wp\/v2\/media\/9363"}],"wp:attachment":[{"href":"https:\/\/evotek.md\/ro\/wp-json\/wp\/v2\/media?parent=9364"}],"curies":[{"name":"wp","href":"https:\/\/api.w.org\/{rel}","templated":true}]}}