{"id":9359,"date":"2020-04-23T19:30:22","date_gmt":"2020-04-23T19:30:22","guid":{"rendered":"https:\/\/evotek.md\/?post_type=product&#038;p=9359"},"modified":"2020-04-23T19:30:22","modified_gmt":"2020-04-23T19:30:22","slug":"crepier-pentru-clatite-pe-gaz-mec-crg-90","status":"publish","type":"product","link":"https:\/\/evotek.md\/ro\/produse\/echipamente-pentru-fast-food\/crepiere\/crepier-pentru-clatite-pe-gaz-mec-crg-90\/","title":{"rendered":"CREPIER PENTRU CL\u0102TITE PE GAZ -MEC CRG 90"},"content":{"rendered":"<p><strong>CREPIER PENTRU CL\u0102TITE PE GAZ<\/strong> <strong>&#8211;<\/strong><strong>MEC CRG 90<\/strong><strong>&#8211; <\/strong>Este folosit pentru pr\u0103jirea cl\u0103titelor rotunde. Acest model este echipat cu o singur\u0103 suprafa\u021b\u0103 de lucru. Carcasa modelului este din o\u021bel inoxidabil. Discuri din font\u0103, termostat reglabil p\u00e2n\u0103 la 300 \u00b0, compartiment mai jos pentru elemente.<\/p>\n<p>Caracteristici<\/p>\n<p>Diametru discului: 400 mm<\/p>\n<p>Dimensiuni: 900x480x270 mm<\/p>\n<p>Greutate: 46 kg<\/p>\n<p>Tipul produsului: electric<\/p>\n<p>Num\u0103rul de zone de \u00eenc\u0103lzire: 2<\/p>\n<p>&nbsp;<\/p>\n","protected":false},"excerpt":{"rendered":"<p>Crepiere pentru cl\u0103tite cu un diametru de disc de 400 mm. Dimensiuni: 900x480x270 mm; Greutate: 46 kg; Tipul produsului: electric; Num\u0103rul de zone de \u00eenc\u0103lzire: 2.<\/p>\n","protected":false},"featured_media":9358,"template":"","meta":[],"_links":{"self":[{"href":"https:\/\/evotek.md\/ro\/wp-json\/wp\/v2\/product\/9359"}],"collection":[{"href":"https:\/\/evotek.md\/ro\/wp-json\/wp\/v2\/product"}],"about":[{"href":"https:\/\/evotek.md\/ro\/wp-json\/wp\/v2\/types\/product"}],"wp:featuredmedia":[{"embeddable":true,"href":"https:\/\/evotek.md\/ro\/wp-json\/wp\/v2\/media\/9358"}],"wp:attachment":[{"href":"https:\/\/evotek.md\/ro\/wp-json\/wp\/v2\/media?parent=9359"}],"curies":[{"name":"wp","href":"https:\/\/api.w.org\/{rel}","templated":true}]}}