{"id":935,"date":"2020-01-31T13:08:42","date_gmt":"2020-01-31T13:18:29","guid":{"rendered":"https:\/\/evotek.md\/?post_type=product&#038;p=935"},"modified":"2023-03-27T10:39:52","modified_gmt":"2023-03-27T10:39:52","slug":"aparat-pentru-producerea-vatei-de-zahar-hkn-c2","status":"publish","type":"product","link":"https:\/\/evotek.md\/ro\/produse\/echipamente-pentru-fast-food\/aparate-pentru-vata-de-zahar-2\/aparat-pentru-producerea-vatei-de-zahar-hkn-c2\/","title":{"rendered":"APARAT PENTRU VATA DE ZAHAR\u00a0-HKN-C2"},"content":{"rendered":"<p><strong>APARAT PENTRU VATA DE ZAHAR -HKN-C2-<\/strong> este utilizat pentru producerea rapid\u0103 \u0219i \u00een volume mari a produsului vat\u0103 de zah\u0103r. Aparatul de produs vat\u0103 de zah\u0103r are dimensiunile de 520x520x500 mm. Se conecteaz\u0103 la o re\u021bea de 230 V. Puterea este de 0,9 kW. Greutate &#8211; 14 kg. Potrivit pentru uz interior \u0219i exterior. Materialul carcasei: metal vopsit; Material bol: o\u021bel inoxidabil.<\/p>\n<p>Culoarea produsului poate fi diferita de cea prezentat\u0103 pe site.<\/p>\n<p>Caracteristici<\/p>\n<p>Productivitate: 2,8 kg \/ h<\/p>\n<p>Putere: 0,9 kW<\/p>\n<p>Dimensiuni: 520x520x500 mm<\/p>\n<p>Conectare: 230 V<\/p>\n<p>Greutate net\u0103: 14 kg<\/p>\n","protected":false},"excerpt":{"rendered":"<p>Aparat pentru vat\u0103 de zah\u0103r cu productivitatea: 2,8 kg\/h. Dimensiuni: 520x520x500 mm; Putere: 0,9 kW; Conectare: 230 V.<\/p>\n","protected":false},"featured_media":934,"template":"","meta":[],"_links":{"self":[{"href":"https:\/\/evotek.md\/ro\/wp-json\/wp\/v2\/product\/935"}],"collection":[{"href":"https:\/\/evotek.md\/ro\/wp-json\/wp\/v2\/product"}],"about":[{"href":"https:\/\/evotek.md\/ro\/wp-json\/wp\/v2\/types\/product"}],"wp:featuredmedia":[{"embeddable":true,"href":"https:\/\/evotek.md\/ro\/wp-json\/wp\/v2\/media\/934"}],"wp:attachment":[{"href":"https:\/\/evotek.md\/ro\/wp-json\/wp\/v2\/media?parent=935"}],"curies":[{"name":"wp","href":"https:\/\/api.w.org\/{rel}","templated":true}]}}