{"id":9343,"date":"2020-04-23T18:56:38","date_gmt":"2020-04-23T18:56:38","guid":{"rendered":"https:\/\/evotek.md\/?post_type=product&#038;p=9343"},"modified":"2020-04-23T18:56:38","modified_gmt":"2020-04-23T18:56:38","slug":"crepier-pentru-clatite-mec-cm-135","status":"publish","type":"product","link":"https:\/\/evotek.md\/ro\/produse\/echipamente-pentru-fast-food\/crepiere\/crepier-pentru-clatite-mec-cm-135\/","title":{"rendered":"CREPIER PENTRU CL\u0102TITE -MEC CM 135"},"content":{"rendered":"<p><strong>CREPIER PENTRU CL\u0102TITE<\/strong> <strong>&#8211;<\/strong><strong>MEC CM 135<\/strong><strong>&#8211; <\/strong>Este folosit pentru pr\u0103jirea cl\u0103titelor rotunde. Acest model este echipat cu o singur\u0103 suprafa\u021b\u0103 de lucru. Carcasa modelului este din o\u021bel inoxidabil. Discuri din font\u0103, termostat reglabil p\u00e2n\u0103 la 300 \u00b0, compartiment mai jos pentru elemente.<\/p>\n<p>Caracteristici<\/p>\n<p>Diametru discului: 350 mm<\/p>\n<p>Dimensiuni: 370x430x170 mm<\/p>\n<p>Greutate: 13 kg<\/p>\n<p>Tipul produsului: electric<\/p>\n<p>Num\u0103rul de zone de \u00eenc\u0103lzire: 1<\/p>\n<p>&nbsp;<\/p>\n","protected":false},"excerpt":{"rendered":"<p>Crepiere pentru cl\u0103tite cu un diametru de disc de 350 mm. Dimensiuni: 370x430x170 mm; Greutate: 13 kg; Tipul produsului: electric; Num\u0103rul de zone de \u00eenc\u0103lzire: 1.<\/p>\n","protected":false},"featured_media":9342,"template":"","meta":[],"_links":{"self":[{"href":"https:\/\/evotek.md\/ro\/wp-json\/wp\/v2\/product\/9343"}],"collection":[{"href":"https:\/\/evotek.md\/ro\/wp-json\/wp\/v2\/product"}],"about":[{"href":"https:\/\/evotek.md\/ro\/wp-json\/wp\/v2\/types\/product"}],"wp:featuredmedia":[{"embeddable":true,"href":"https:\/\/evotek.md\/ro\/wp-json\/wp\/v2\/media\/9342"}],"wp:attachment":[{"href":"https:\/\/evotek.md\/ro\/wp-json\/wp\/v2\/media?parent=9343"}],"curies":[{"name":"wp","href":"https:\/\/api.w.org\/{rel}","templated":true}]}}