{"id":9320,"date":"2020-04-23T18:05:03","date_gmt":"2020-04-23T18:05:49","guid":{"rendered":"https:\/\/evotek.md\/?post_type=product&#038;p=9320"},"modified":"2023-02-27T14:27:36","modified_gmt":"2023-02-27T14:27:36","slug":"masina-de-spalat-vase-frontala-mec-c50-3nt","status":"publish","type":"product","link":"https:\/\/evotek.md\/ro\/produse\/utilaje-pentru-spalare-vase\/masina-de-spalat-vase-de-tip-frontal\/masina-de-spalat-vase-frontala-mec-c50-3nt\/","title":{"rendered":"MASINA DE SPALAT VASE, FRONTALA (220 V) -MEC C50-3N+T"},"content":{"rendered":"<p><strong>MASINA DE SPALAT VASE, FRONTALA (220 V) -MEC C50-3N+T- <\/strong>Ma\u0219in\u0103 de sp\u0103lat vase cu \u00eenc\u0103rcare frontal\u0103, carcasa \u0219i cada este din inox, proces de sp\u0103lare automat\u0103, dispozitiv de siguran\u021b\u0103, 2 cartu\u0219e, dozator de sp\u0103lare.<\/p>\n<p><strong>*Pentru a beneficia de garan\u021bie este obligatoriu de a fi instalat filtru DVA pentru acest echipament.<\/strong><\/p>\n<p>Caracteristici<\/p>\n<p>Consumul nominal de energie: 4,58 kW<\/p>\n<p>Tensiune nominal\u0103: 1 faz\u0103, 220 V<\/p>\n<p>Productivitate: 1800 buc \/ or\u0103<\/p>\n<p>Dimensiuni generale: 550\u0445600\u0445835 mm<\/p>\n<p>Greutate: 44 kg<\/p>\n<p>&nbsp;<\/p>\n","protected":false},"excerpt":{"rendered":"<p>Ma\u0219in\u0103 de sp\u0103lat vase frontal\u0103 cu o capacitate de 1800 buc\/ or\u0103. Consumul nominal de energie: 4,58 kW; Tensiune nominal\u0103: 1 faz\u0103, 220 V; Dimensiuni generale: 550\u0445600\u0445835 mm; Greutate: 44 kg.<\/p>\n<p><strong>*Recomand\u0103m instalarea adi\u021bional\u0103 a unui filtru DVA pentru o bun\u0103 func\u021bionare a ma\u0219inii de sp\u0103lat.<\/strong><\/p>\n","protected":false},"featured_media":9319,"template":"","meta":[],"_links":{"self":[{"href":"https:\/\/evotek.md\/ro\/wp-json\/wp\/v2\/product\/9320"}],"collection":[{"href":"https:\/\/evotek.md\/ro\/wp-json\/wp\/v2\/product"}],"about":[{"href":"https:\/\/evotek.md\/ro\/wp-json\/wp\/v2\/types\/product"}],"wp:featuredmedia":[{"embeddable":true,"href":"https:\/\/evotek.md\/ro\/wp-json\/wp\/v2\/media\/9319"}],"wp:attachment":[{"href":"https:\/\/evotek.md\/ro\/wp-json\/wp\/v2\/media?parent=9320"}],"curies":[{"name":"wp","href":"https:\/\/api.w.org\/{rel}","templated":true}]}}