{"id":9310,"date":"2020-04-23T17:42:07","date_gmt":"2020-04-23T17:42:36","guid":{"rendered":"https:\/\/evotek.md\/?post_type=product&#038;p=9310"},"modified":"2024-02-15T14:41:20","modified_gmt":"2024-02-15T14:41:20","slug":"masina-de-spalat-vase-mec-s200","status":"publish","type":"product","link":"https:\/\/evotek.md\/ro\/produse\/utilaje-pentru-spalare-vase\/masina-de-spalat-vase-de-tip-frontal\/masina-de-spalat-vase-mec-s200\/","title":{"rendered":"MASINA DE SPALAT VASE, FRONTALA (400 V) -MEC S200"},"content":{"rendered":"<p><strong>MASINA DE SPALAT VASE, FRONTALA (400 V) -MEC S200- <\/strong>Ma\u0219in\u0103 de sp\u0103lat vase pentru ustensile \u0219i vase de buc\u0103t\u0103rie, carcasa \u0219i cada din inox, perete dublu, proces de sp\u0103lare automat\u0103, 2 auto-drenare, auto-cur\u0103\u021bare, pompe verticale, 4 cicluri de sp\u0103lare, robinet solenoid pentru ap\u0103 cald\u0103; Dimensiuni caseta: 700&#215;700 mm.<\/p>\n<p><strong>*Pentru a beneficia de garan\u021bie este obligatoriu de a fi instalat filtru DVA pentru acest echipament.<\/strong><\/p>\n<p>Caracteristici<\/p>\n<p>Consum nominal de energie: 8 kW<\/p>\n<p>Tensiune nominal\u0103: 3 faze, 400 V<\/p>\n<p>Ciclul de sp\u0103lare: 2 p\u00e2n\u0103 la 12 minute<\/p>\n<p>Num\u0103r casete\/ or\u0103: 30<\/p>\n<p>Alimentare recomandat\u0103 cu ap\u0103: + 55 \u00b0 C<\/p>\n<p>Consumul de ap\u0103 pe ciclu: 2,0 (presiune 2 bar)<\/p>\n<p>Dimensiuni generale: 850\u0445850\u04451900 mm<\/p>\n<p>&nbsp;<\/p>\n<p>&nbsp;<\/p>\n","protected":false},"excerpt":{"rendered":"<p>Ma\u0219in\u0103 de sp\u0103lat vase cu o capacitate de 30 de casete\/ or\u0103. Consum nominal de energie: 8 kW; Tensiune nominal\u0103: 3 ph., 400 V; Ciclul de sp\u0103lare: de la 2 la 12 minute; Alimentare recomandat\u0103 cu ap\u0103: + 55 \u00b0 C; Consumul de ap\u0103 pe ciclu: 2,0 (presiune 2 bar); Dimensiuni generale: 850\u0445850\u04451900 mm.<\/p>\n<p><strong>*Recomand\u0103m instalarea adi\u021bional\u0103 a unui filtru DVA pentru o bun\u0103 func\u021bionare a ma\u0219inii de sp\u0103lat.<\/strong><\/p>\n","protected":false},"featured_media":9309,"template":"","meta":[],"_links":{"self":[{"href":"https:\/\/evotek.md\/ro\/wp-json\/wp\/v2\/product\/9310"}],"collection":[{"href":"https:\/\/evotek.md\/ro\/wp-json\/wp\/v2\/product"}],"about":[{"href":"https:\/\/evotek.md\/ro\/wp-json\/wp\/v2\/types\/product"}],"wp:featuredmedia":[{"embeddable":true,"href":"https:\/\/evotek.md\/ro\/wp-json\/wp\/v2\/media\/9309"}],"wp:attachment":[{"href":"https:\/\/evotek.md\/ro\/wp-json\/wp\/v2\/media?parent=9310"}],"curies":[{"name":"wp","href":"https:\/\/api.w.org\/{rel}","templated":true}]}}