{"id":9300,"date":"2020-04-23T17:18:49","date_gmt":"2020-04-23T17:19:23","guid":{"rendered":"https:\/\/evotek.md\/?post_type=product&#038;p=9300"},"modified":"2023-02-27T14:03:42","modified_gmt":"2023-02-27T14:03:42","slug":"masina-de-spalat-vase-de-tip-cupola-mec-t1515","status":"publish","type":"product","link":"https:\/\/evotek.md\/ro\/produse\/utilaje-pentru-spalare-vase\/masina-de-spalat-vase-de-tip-cupola\/masina-de-spalat-vase-de-tip-cupola-mec-t1515\/","title":{"rendered":"MASINA DE SPALAT VASE, CUPOLA -MEC T1515"},"content":{"rendered":"<p><strong>MASINA DE SPALAT VASE, CUPOLA -MEC T1515- <\/strong>Ma\u0219in\u0103 de sp\u0103lat vase de tip cupol\u0103, echipament italian pentru uz comercial profesional. Ma\u0219ina este de \u00eenalt\u0103 tehnologie, echipat\u0103 cu electronice moderne \u0219i confec\u021bionat\u0103 din materiale ecologice.<\/p>\n<p><strong>*Pentru a beneficia de garan\u021bie este obligatoriu de a fi instalat filtru DVA pentru acest echipament.<\/strong><\/p>\n<p>Caracteristici<\/p>\n<p>Parametri: 788x955x1565 mm<\/p>\n<p>Mod de instalare: pe podea<\/p>\n<p>Productivitate: 60 co\u0219uri\/ or\u0103<\/p>\n<p>Dimensiunea cosului in care se pun vase: 500\u00d7500 mm.<\/p>\n<p>Execu\u021bie: cupol\u0103<\/p>\n<p>Durata ciclurilor de sp\u0103lare: 60-120-180 sec<\/p>\n<p>Greutate: 170 kg<\/p>\n<p>&nbsp;<\/p>\n<p>&nbsp;<\/p>\n","protected":false},"excerpt":{"rendered":"<p>Ma\u0219in\u0103 de sp\u0103lat vase de tip cupol\u0103 cu o capacitate de 60 co\u0219uri\/ or\u0103. Parametri: 788x955x1565 mm; Mod de instalare: pe podea; Execu\u021bie: cupol\u0103; Durata ciclurilor de sp\u0103lare: 60-120-180 sec; Dimensiunea cosului in care se pun vase: 500\u00d7500 mm; Greutate: 170 kg.<\/p>\n<p><strong>*Recomand\u0103m instalarea adi\u021bional\u0103 a unui filtru DVA pentru o bun\u0103 func\u021bionare a ma\u0219inii de sp\u0103lat.<\/strong><\/p>\n","protected":false},"featured_media":9299,"template":"","meta":[],"_links":{"self":[{"href":"https:\/\/evotek.md\/ro\/wp-json\/wp\/v2\/product\/9300"}],"collection":[{"href":"https:\/\/evotek.md\/ro\/wp-json\/wp\/v2\/product"}],"about":[{"href":"https:\/\/evotek.md\/ro\/wp-json\/wp\/v2\/types\/product"}],"wp:featuredmedia":[{"embeddable":true,"href":"https:\/\/evotek.md\/ro\/wp-json\/wp\/v2\/media\/9299"}],"wp:attachment":[{"href":"https:\/\/evotek.md\/ro\/wp-json\/wp\/v2\/media?parent=9300"}],"curies":[{"name":"wp","href":"https:\/\/api.w.org\/{rel}","templated":true}]}}