{"id":930,"date":"2020-01-31T12:54:05","date_gmt":"2020-01-31T12:54:05","guid":{"rendered":"https:\/\/evotek.md\/?post_type=product&#038;p=930"},"modified":"2020-02-26T10:37:53","modified_gmt":"2020-02-26T10:37:53","slug":"aparat-pentru-vata-de-zahar-hkn-c1","status":"publish","type":"product","link":"https:\/\/evotek.md\/ro\/produse\/echipamente-pentru-fast-food\/aparate-pentru-vata-de-zahar-2\/aparat-pentru-vata-de-zahar-hkn-c1\/","title":{"rendered":"APARAT PENTRU VAT\u0102 DE ZAH\u0102R HKN-C1"},"content":{"rendered":"<p><strong>APARATUL PENTRU VAT\u0102 DE ZAH\u0102R HKN-C1<\/strong> &#8211; este utilizat pentru producerea rapid\u0103 \u0219i \u00een volume mari a produsului vat\u0103 de zah\u0103r.<br \/>\nAparatul de produs vat\u0103 de zah\u0103r are dimensiunile de 520x520x505 mm. Se conecteaz\u0103 la o re\u021bea de 230 V. Puterea este de 0,98 kW. Greutate &#8211; 10,5 kg. Potrivit pentru uz interior \u0219i exterior. Materialul carcasei: metal vopsit; Material bol: o\u021bel inoxidabil.<\/p>\n<p>Culoarea produsului poate diferita de cea prezentat\u0103 pe site.<\/p>\n<p>Caracteristici<\/p>\n<p>Brand Hurakan<\/p>\n<p>Dimensiuni: 520x520x505 mm<\/p>\n<p>Putere: 0,98 kW<\/p>\n<p>Conectare: 230 V<\/p>\n<p>Greutate net\u0103: 10,5 kg<\/p>\n","protected":false},"excerpt":{"rendered":"<p>Aparat pentru vat\u0103 de zah\u0103r. Dimensiuni: 520x520x505 mm; Putere: 0,98 kW; Conectare: 230 V.<\/p>\n","protected":false},"featured_media":929,"template":"","meta":[],"_links":{"self":[{"href":"https:\/\/evotek.md\/ro\/wp-json\/wp\/v2\/product\/930"}],"collection":[{"href":"https:\/\/evotek.md\/ro\/wp-json\/wp\/v2\/product"}],"about":[{"href":"https:\/\/evotek.md\/ro\/wp-json\/wp\/v2\/types\/product"}],"wp:featuredmedia":[{"embeddable":true,"href":"https:\/\/evotek.md\/ro\/wp-json\/wp\/v2\/media\/929"}],"wp:attachment":[{"href":"https:\/\/evotek.md\/ro\/wp-json\/wp\/v2\/media?parent=930"}],"curies":[{"name":"wp","href":"https:\/\/api.w.org\/{rel}","templated":true}]}}