{"id":9295,"date":"2020-04-23T17:06:43","date_gmt":"2020-04-23T17:07:08","guid":{"rendered":"https:\/\/evotek.md\/?post_type=product&#038;p=9295"},"modified":"2022-09-26T14:58:43","modified_gmt":"2022-09-26T14:58:43","slug":"malaxor-spiral-mec-sk-25","status":"publish","type":"product","link":"https:\/\/evotek.md\/ro\/produse\/echipamente-electromecanice\/mixer-aluat\/malaxor-spiral-mec-sk-25\/","title":{"rendered":"MALAXOR SPIRAL 25 LITRI -MEC SK 25"},"content":{"rendered":"<p><strong>MALAXOR SPIRAL 25 LITRI -MEC SK 25<\/strong>&#8211; conceput pentru fr\u0103m\u00e2ntarea diferitelor tipuri de aluat. Malaxorul cu spiral\u0103 are o construc\u021bie robust\u0103 \u0219i componente interne de \u00eenalt\u0103 calitate, care asigur\u0103 un termen foarte lung de func\u021bionare excelent\u0103. Acest model de echipament este optim pentru diferite unit\u0103\u021bi de servicii alimentare, deoarece aplicarea mixerului de aluat permite reducerea timpului \u0219i a costurilor for\u021bei de munc\u0103 pentru preg\u0103tirea aluatului, oferind \u00een acela\u0219i timp rezultate excelente.<\/p>\n<p>Caracteristici<\/p>\n<p>Consumul de putere nominal: 0,75 kW<\/p>\n<p>Tensiune nominal\u0103: 220 V<\/p>\n<p>Capacitate bol: 25 L<\/p>\n<p>Productivitate: 19 kg \/ or\u0103<\/p>\n<p>Sistem de control: electromecanic<\/p>\n<p>Dimensiuni: 390\u0445700\u0445630 mm<\/p>\n<p>Greutate: 63 kg<\/p>\n<p>&nbsp;<\/p>\n","protected":false},"excerpt":{"rendered":"<p>Malaxor spiral cu bol de 25 litri. Consumul nominal de energie: 0,75 kW; Tensiune nominal\u0103: 220 V; Productivitate: 19 kg\/ or\u0103; Sistem de control: electromecanic; Dimensiuni: 390\u0445700\u0445630 mm; Greutate: 63 kg.<\/p>\n","protected":false},"featured_media":9275,"template":"","meta":[],"_links":{"self":[{"href":"https:\/\/evotek.md\/ro\/wp-json\/wp\/v2\/product\/9295"}],"collection":[{"href":"https:\/\/evotek.md\/ro\/wp-json\/wp\/v2\/product"}],"about":[{"href":"https:\/\/evotek.md\/ro\/wp-json\/wp\/v2\/types\/product"}],"wp:featuredmedia":[{"embeddable":true,"href":"https:\/\/evotek.md\/ro\/wp-json\/wp\/v2\/media\/9275"}],"wp:attachment":[{"href":"https:\/\/evotek.md\/ro\/wp-json\/wp\/v2\/media?parent=9295"}],"curies":[{"name":"wp","href":"https:\/\/api.w.org\/{rel}","templated":true}]}}