{"id":9289,"date":"2020-04-23T16:56:02","date_gmt":"2020-04-23T16:56:34","guid":{"rendered":"https:\/\/evotek.md\/?post_type=product&#038;p=9289"},"modified":"2022-09-26T14:56:54","modified_gmt":"2022-09-26T14:56:54","slug":"malaxor-spiral-mec-sk-40","status":"publish","type":"product","link":"https:\/\/evotek.md\/ro\/produse\/echipamente-electromecanice\/mixer-aluat\/malaxor-spiral-mec-sk-40\/","title":{"rendered":"MALAXOR SPIRAL 42 LITRI -MEC SK 40"},"content":{"rendered":"<p><strong>MALAXOR SPIRAL 42 LITRI<\/strong> <strong>-MEC SK 40<\/strong>&#8211; conceput pentru fr\u0103m\u00e2ntarea diferitelor tipuri de aluat. Num\u0103rul specificat de viteze, care permite ob\u021binerea unei calit\u0103\u021bi optime, indiferent de re\u021beta utilizat\u0103. Operatorul malaxorului spiral are o construc\u021bie robust\u0103 \u0219i componente interne de \u00eenalt\u0103 calitate, ceea ce duce la o perioad\u0103 semnificativ\u0103 de func\u021bionare excelent\u0103. \u00cen malaxoarele de tip spiral, mecanismul de fr\u0103m\u00e2ntare se deplaseaz\u0103 \u00een jurul axei sale.<\/p>\n<p>Caracteristici<\/p>\n<p>Consumul de putere nominal: 1,4 kW<\/p>\n<p>Tensiune nominal\u0103: 220 V<\/p>\n<p>Capacitate bol: 42 L<\/p>\n<p>Productivitate: 33 kg \/ or\u0103<\/p>\n<p>Sistem de control: electromecanic<\/p>\n<p>Dimensiuni: 470\u0445730\u0445740 mm<\/p>\n<p>Greutate: 87 kg<\/p>\n<p>&nbsp;<\/p>\n","protected":false},"excerpt":{"rendered":"<p>Malaxor spiral cu bol de 42 litri. Consumul nominal de energie: 1,4 kW; Tensiune nominal\u0103: 220 V; Productivitate: 33 kg\/ or\u0103; Sistem de control: electromecanic; Dimensiuni: 470\u0445730\u0445740 mm; Greutate: 87 kg.<\/p>\n","protected":false},"featured_media":9275,"template":"","meta":[],"_links":{"self":[{"href":"https:\/\/evotek.md\/ro\/wp-json\/wp\/v2\/product\/9289"}],"collection":[{"href":"https:\/\/evotek.md\/ro\/wp-json\/wp\/v2\/product"}],"about":[{"href":"https:\/\/evotek.md\/ro\/wp-json\/wp\/v2\/types\/product"}],"wp:featuredmedia":[{"embeddable":true,"href":"https:\/\/evotek.md\/ro\/wp-json\/wp\/v2\/media\/9275"}],"wp:attachment":[{"href":"https:\/\/evotek.md\/ro\/wp-json\/wp\/v2\/media?parent=9289"}],"curies":[{"name":"wp","href":"https:\/\/api.w.org\/{rel}","templated":true}]}}