{"id":9283,"date":"2020-04-23T16:42:23","date_gmt":"2020-04-23T16:42:54","guid":{"rendered":"https:\/\/evotek.md\/?post_type=product&#038;p=9283"},"modified":"2022-09-26T14:55:40","modified_gmt":"2022-09-26T14:55:40","slug":"malaxor-spiral-mec-sk-55","status":"publish","type":"product","link":"https:\/\/evotek.md\/ro\/produse\/echipamente-electromecanice\/mixer-aluat\/malaxor-spiral-mec-sk-55\/","title":{"rendered":"MALAXOR SPIRAL 54 LITRI -MEC SK 55"},"content":{"rendered":"<p><strong>MALAXOR SPIRAL 54 LITRI\u00a0<\/strong> <strong>-MEC SK 55<\/strong>&#8211; conceput pentru fr\u0103m\u00e2ntarea diferitelor tipuri de aluat. Num\u0103rul specificat de viteze, care permite ob\u021binerea unei calit\u0103\u021bi optime, indiferent de re\u021beta utilizat\u0103. Operatorul malaxorului spiral are o construc\u021bie robust\u0103 \u0219i componente interne de \u00eenalt\u0103 calitate, ceea ce duce la o perioad\u0103 semnificativ\u0103 de func\u021bionare excelent\u0103.<\/p>\n<p>Caracteristici<\/p>\n<p>Consumul de putere nominal: 1,8 kW<\/p>\n<p>Tensiune nominal\u0103: 220 V<\/p>\n<p>Capacitate bol: 54 L<\/p>\n<p>Productivitate: 43 kg \/ or\u0103<\/p>\n<p>Sistem de control: electromecanic<\/p>\n<p>Dimensiuni: 530\u0445740\u0445740 mm<\/p>\n<p>Greutate: 103 kg<\/p>\n<p>&nbsp;<\/p>\n","protected":false},"excerpt":{"rendered":"<p>Malaxor spiral cu bol de 54 litri. Consumul nominal de energie: 1,8 kW; Tensiune nominal\u0103: 220 V; Productivitate: 43 kg\/ or\u0103; Sistem de control: electromecanic; Dimensiuni: 530\u0445740\u0445740 mm; Greutate: 103 kg.<\/p>\n","protected":false},"featured_media":9275,"template":"","meta":[],"_links":{"self":[{"href":"https:\/\/evotek.md\/ro\/wp-json\/wp\/v2\/product\/9283"}],"collection":[{"href":"https:\/\/evotek.md\/ro\/wp-json\/wp\/v2\/product"}],"about":[{"href":"https:\/\/evotek.md\/ro\/wp-json\/wp\/v2\/types\/product"}],"wp:featuredmedia":[{"embeddable":true,"href":"https:\/\/evotek.md\/ro\/wp-json\/wp\/v2\/media\/9275"}],"wp:attachment":[{"href":"https:\/\/evotek.md\/ro\/wp-json\/wp\/v2\/media?parent=9283"}],"curies":[{"name":"wp","href":"https:\/\/api.w.org\/{rel}","templated":true}]}}