{"id":9279,"date":"2020-04-23T16:15:19","date_gmt":"2020-04-23T16:15:47","guid":{"rendered":"https:\/\/evotek.md\/?post_type=product&#038;p=9279"},"modified":"2022-09-26T14:54:31","modified_gmt":"2022-09-26T14:54:31","slug":"malaxor-spiral-mec-sk-60","status":"publish","type":"product","link":"https:\/\/evotek.md\/ro\/produse\/echipamente-electromecanice\/mixer-aluat\/malaxor-spiral-mec-sk-60\/","title":{"rendered":"MALAXOR SPIRAL 60 LITRI -MEC SK 60"},"content":{"rendered":"<p><strong>MALAXOR SPIRAL 60 LITRI<\/strong> <strong>-MEC SK 60<\/strong>&#8211; conceput pentru fr\u0103m\u00e2ntarea diferitelor tipuri de aluat. Num\u0103rul specificat de viteze, care permite ob\u021binerea unei calit\u0103\u021bi optime, indiferent de re\u021beta utilizat\u0103. Operatorul malaxorului spiral are o construc\u021bie robust\u0103 \u0219i componente interne de \u00eenalt\u0103 calitate, ceea ce duce la o perioad\u0103 semnificativ\u0103 de func\u021bionare excelent\u0103.<\/p>\n<p>Caracteristici<\/p>\n<p>Consumul de putere nominal: 1,8 kW<\/p>\n<p>Tensiune nominal\u0103: 220 V<\/p>\n<p>Capacitate bol: 60 L<\/p>\n<p>Productivitate: 48 kg \/ or\u0103<\/p>\n<p>Sistem de control: electromecanic<\/p>\n<p>Dimensiuni: 570\u0445950\u0445840 mm<\/p>\n<p>Greutate: 148 kg<\/p>\n<p>&nbsp;<\/p>\n<p>&nbsp;<\/p>\n","protected":false},"excerpt":{"rendered":"<p>Malaxor spiral cu bol de 60 litri. Consumul nominal de energie: 1,8 kW; Tensiune nominal\u0103: 220 V; Productivitate: 48 kg\/ or\u0103; Sistem de control: electromecanic; Dimensiuni: 570\u0445950\u0445840 mm; Greutate: 148 kg.<\/p>\n","protected":false},"featured_media":9275,"template":"","meta":[],"_links":{"self":[{"href":"https:\/\/evotek.md\/ro\/wp-json\/wp\/v2\/product\/9279"}],"collection":[{"href":"https:\/\/evotek.md\/ro\/wp-json\/wp\/v2\/product"}],"about":[{"href":"https:\/\/evotek.md\/ro\/wp-json\/wp\/v2\/types\/product"}],"wp:featuredmedia":[{"embeddable":true,"href":"https:\/\/evotek.md\/ro\/wp-json\/wp\/v2\/media\/9275"}],"wp:attachment":[{"href":"https:\/\/evotek.md\/ro\/wp-json\/wp\/v2\/media?parent=9279"}],"curies":[{"name":"wp","href":"https:\/\/api.w.org\/{rel}","templated":true}]}}