{"id":9271,"date":"2020-04-23T15:39:53","date_gmt":"2020-04-23T15:57:05","guid":{"rendered":"https:\/\/evotek.md\/?post_type=product&#038;p=9271"},"modified":"2022-09-26T14:59:27","modified_gmt":"2022-09-26T14:59:27","slug":"malaxor-spiral-mec-b-10","status":"publish","type":"product","link":"https:\/\/evotek.md\/ro\/produse\/echipamente-electromecanice\/mixer-aluat\/malaxor-spiral-mec-b-10\/","title":{"rendered":"MALAXOR SPIRAL 10 LITRI -MEC B 10"},"content":{"rendered":"<p><strong>MALAXOR SPIRAL<\/strong> <strong>10 LITRI -MEC B 10<\/strong>&#8211; Malaxorul cu spiral\u0103 are un design robust \u0219i solid. Corpul \u0219i bolul sunt realizate din inox de \u00eenalt\u0103 calitate, rezistent. Designul este montat pe patru picioare. Recipientul pentru fr\u0103m\u00e2ntarea aluatului cu un volum de 10 l (bol fix). Malaxorul are o vitez\u0103 de rota\u021bie constant\u0103. Un sistem de control electromecanic situat pe partea carcasei include un buton de alimentare \u0219i un cronometru. Ac\u021bioneaz\u0103 ca protec\u021bie o acoperire metalic\u0103 de siguran\u021b\u0103 \u00eenclinat\u0103 situat\u0103 deasupra vasului \u0219i care v\u0103 permite s\u0103 monitoriza\u021bi procesul de lucru. Orice componente pot fi ad\u0103ugate prin acesta f\u0103r\u0103 a opri ciclul de lucru.<\/p>\n<p>Caracteristici<\/p>\n<p>Consumul de putere nominal: 0,5 kW<\/p>\n<p>Tensiune nominal\u0103: 230\/400 V<\/p>\n<p>Capacitate bol: 10 L<\/p>\n<p>Productivitate: 7 kg \/ or\u0103<\/p>\n<p>Sistem de control: electromecanic<\/p>\n<p>Dimensiuni: 290x600x610 mm<\/p>\n<p>Greutate: 43 kg<\/p>\n<p>&nbsp;<\/p>\n","protected":false},"excerpt":{"rendered":"<p>Malaxor spiral cu bol de 10 litri. Consumul nominal de energie: 0,5 kW; Tensiune nominal\u0103: 230\/400 V; Productivitate: 7 kg\/ or\u0103; Sistem de control: electromecanic; Dimensiuni: 290x600x610 mm; Greutate: 43 kg.<\/p>\n","protected":false},"featured_media":9270,"template":"","meta":[],"_links":{"self":[{"href":"https:\/\/evotek.md\/ro\/wp-json\/wp\/v2\/product\/9271"}],"collection":[{"href":"https:\/\/evotek.md\/ro\/wp-json\/wp\/v2\/product"}],"about":[{"href":"https:\/\/evotek.md\/ro\/wp-json\/wp\/v2\/types\/product"}],"wp:featuredmedia":[{"embeddable":true,"href":"https:\/\/evotek.md\/ro\/wp-json\/wp\/v2\/media\/9270"}],"wp:attachment":[{"href":"https:\/\/evotek.md\/ro\/wp-json\/wp\/v2\/media?parent=9271"}],"curies":[{"name":"wp","href":"https:\/\/api.w.org\/{rel}","templated":true}]}}