{"id":9266,"date":"2020-04-23T11:35:07","date_gmt":"2020-04-23T11:35:56","guid":{"rendered":"https:\/\/evotek.md\/?post_type=product&#038;p=9266"},"modified":"2024-03-28T09:30:35","modified_gmt":"2024-03-28T09:30:35","slug":"cuptor-cu-microunde-dublu-30-l-m-09367020","status":"publish","type":"product","link":"https:\/\/evotek.md\/ro\/produse\/echipamente-termice\/cuptoare-cu-microunde\/cuptor-cu-microunde-dublu-30-l-m-09367020\/","title":{"rendered":"CUPTOR CU MICROUNDE, 2 NIVELE, 30 LITRI -M-09367020"},"content":{"rendered":"<p><strong>CUPTOR CU MICROUNDE, 2 NIVELE, 30 LITRI -M-09367020-<\/strong> Acest cuptor cu microunde are o capacitate de 30 de litri \u0219i o putere de 1800 de W. Cuptorul cu microunde este utilizat pe scar\u0103 larg\u0103 datorit\u0103 puterii mari \u0219i a diverselor programe. Carcasa \u0219i interiorul sunt realizate din inox cu o plac\u0103 de sticl\u0103 \u00een partea de jos. Cuptorul este u\u0219or de utilizat \u0219i de reglat cu ajutorul butoanelor cromate.<\/p>\n<p>Caracteristici<\/p>\n<p>3 diferite nivele de putere: \u201edezghe\u021b\u201d, \u201emediu\u201d \u0219i \u201eridicat\u201d<\/p>\n<p>Are 20 de programe<\/p>\n<p>Potrivit pentru farfurii cu un diametru de 360 mm<\/p>\n<p>Greutate net\u0103: 35 kg<\/p>\n<p>Dimensiuni exterioare: 490\u0445637\u0445405 mm<\/p>\n<p>Dimensiuni interioare: 374x378x224 mm<\/p>\n<p>Frecven\u021b\u0103 Hz: 2450 MHz<\/p>\n<p>Putere: 230 V\/ 50 H \/ 1 faz\u0103 1400\/2800 W<\/p>\n<p>&nbsp;<\/p>\n<p>&nbsp;<\/p>\n","protected":false},"excerpt":{"rendered":"<p>Cuptor cu microunde dublu cu o capacitate de 30 L. 3 diferite nivele de putere: \u201edezghe\u021b\u201d, \u201emediu\u201d \u0219i \u201eridicat\u201d; Are 20 de programe; Potrivit pentru farfurii cu un diametru de 360 mm; Greutate net\u0103: 35 kg; Dimensiuni exterioare: 490\u0445637\u0445405 mm; Dimensiuni interioare: 374x378x224 mm; Frecven\u021b\u0103 Hz: 2450 MHz; Putere: 230 V\/ 50 H \/ 1 faz\u0103 1400\/2800 W.<\/p>\n","protected":false},"featured_media":9255,"template":"","meta":[],"_links":{"self":[{"href":"https:\/\/evotek.md\/ro\/wp-json\/wp\/v2\/product\/9266"}],"collection":[{"href":"https:\/\/evotek.md\/ro\/wp-json\/wp\/v2\/product"}],"about":[{"href":"https:\/\/evotek.md\/ro\/wp-json\/wp\/v2\/types\/product"}],"wp:featuredmedia":[{"embeddable":true,"href":"https:\/\/evotek.md\/ro\/wp-json\/wp\/v2\/media\/9255"}],"wp:attachment":[{"href":"https:\/\/evotek.md\/ro\/wp-json\/wp\/v2\/media?parent=9266"}],"curies":[{"name":"wp","href":"https:\/\/api.w.org\/{rel}","templated":true}]}}