{"id":926,"date":"2020-01-31T10:17:28","date_gmt":"2020-01-31T10:19:13","guid":{"rendered":"https:\/\/evotek.md\/?post_type=product&#038;p=926"},"modified":"2023-02-15T13:32:47","modified_gmt":"2023-02-15T13:32:47","slug":"aparatul-pentru-popporn-cu-stativ-hkn-pcorn-t","status":"publish","type":"product","link":"https:\/\/evotek.md\/ro\/produse\/echipamente-pentru-fast-food\/aparate-pentru-popcorn2\/aparatul-pentru-popporn-cu-stativ-hkn-pcorn-t\/","title":{"rendered":"APARAT PENTRU POPORN CU CARUCIOR -HKN-PCORN-T"},"content":{"rendered":"<p><strong>APARAT PENTRU POPORN CU CARUCIOR -HKN-PCORN-T-<\/strong> Poate fi instalat \u00een mall-uri, cinematografe, circuri sau cafenele de tip fast-food. Cu ajutorul acestui model pute\u021bi ob\u021bine at\u00e2t popcorn dulce c\u00e2t \u0219i s\u0103rat. Materialul carcasei este din aluminiu, acest aparat este dotat cu geam panoramic.<\/p>\n<p>Partea inferioar\u0103 a aparatului este echipat\u0103 cu \u00eenc\u0103lzitor \u0219i un c\u0103rucior pentru o transportare convenabil\u0103. Aparatul pentru popcorn cu stativ g\u0103te\u0219te porumbul \u00een intervalul temperaturii de 50-250 \u00b0 \u0421. Capacitatea sa este de 1\/2 pahar de porumb pe minut. Dimensiunile dispozitivului sunt 940x450x1540 mm, consumul s\u0103u de energie este de 1,3 kW.<br \/>\nTensiunea de alimentare necesar\u0103 pentru func\u021bionarea dispozitivului, este de 230 V.<\/p>\n<p>Caracteristici<\/p>\n<p>Brand Huracan<\/p>\n<p>Dimensiuni: 940x450x1540 mm<\/p>\n<p>Putere: 1.3 kW<\/p>\n<p>Conectare: 230 V<\/p>\n<p>Greutate net\u0103: \u00a034,5 kg<\/p>\n","protected":false},"excerpt":{"rendered":"<p>Aparat pentru popcorn cu stativ, cu capacitatea de 1\/2 pahar de porumb pe minut. Dimensiuni: 940x450x1540 mm; Putere: 1.3 kW; Conectare: 230 V; Temperatura de preparare variaz\u0103 \u00eentre 50-250 \u00b0 \u0421.<\/p>\n","protected":false},"featured_media":925,"template":"","meta":[],"_links":{"self":[{"href":"https:\/\/evotek.md\/ro\/wp-json\/wp\/v2\/product\/926"}],"collection":[{"href":"https:\/\/evotek.md\/ro\/wp-json\/wp\/v2\/product"}],"about":[{"href":"https:\/\/evotek.md\/ro\/wp-json\/wp\/v2\/types\/product"}],"wp:featuredmedia":[{"embeddable":true,"href":"https:\/\/evotek.md\/ro\/wp-json\/wp\/v2\/media\/925"}],"wp:attachment":[{"href":"https:\/\/evotek.md\/ro\/wp-json\/wp\/v2\/media?parent=926"}],"curies":[{"name":"wp","href":"https:\/\/api.w.org\/{rel}","templated":true}]}}