{"id":9237,"date":"2020-04-23T11:11:55","date_gmt":"2020-04-23T11:11:55","guid":{"rendered":"https:\/\/evotek.md\/?post_type=product&#038;p=9237"},"modified":"2020-04-23T11:11:55","modified_gmt":"2020-04-23T11:11:55","slug":"cuptor-cu-microunde-semi-profesional-25-l-m-09367000","status":"publish","type":"product","link":"https:\/\/evotek.md\/ro\/produse\/echipamente-termice\/cuptoare-cu-microunde\/cuptor-cu-microunde-semi-profesional-25-l-m-09367000\/","title":{"rendered":"CUPTOR CU MICROUNDE SEMI-PROFESIONAL 25 L -M-09367000"},"content":{"rendered":"<p><strong>CUPTOR CU MICROUNDE SEMI-PROFESIONAL 25 L -M-09367000-<\/strong> Acest cuptor cu microunde are o capacitate de 25 de litri \u0219i o putere de 900 de W. Cuptorul cu microunde este utilizat pe scar\u0103 larg\u0103 datorit\u0103 puterii mari \u0219i a diverselor programe. Carcasa \u0219i interiorul sunt realizate din inox cu o plac\u0103 de sticl\u0103 \u00een partea de jos. Cuptorul este u\u0219or de utilizat \u0219i de reglat cu ajutorul butoanelor cromate.<\/p>\n<p>Caracteristici<\/p>\n<p>6 programe diferite de la \u201emic\u201d la \u201emare\u201d<\/p>\n<p>Cronometru analog p\u00e2n\u0103 la 30 de minute<\/p>\n<p>Potrivit pentru farfurii cu un diametru de 330 mm<\/p>\n<p>Greutate net\u0103: 14 kg<\/p>\n<p>Dimensiuni exterioare: 483x420x281 mm<\/p>\n<p>Dimensiuni interioare: 340x344x220 mm<\/p>\n<p>Frecven\u021b\u0103 Hz: 2450 MHz<\/p>\n<p>Putere: 900 W, 230 V\/ 50 Hz\/ 1 faz\u0103 1400 W<\/p>\n<p>&nbsp;<\/p>\n","protected":false},"excerpt":{"rendered":"<p>Cuptor cu microunde semi-profesional cu capacitatea de 25 L. 6 programe diferite de la \u201emic\u201d la \u201emare\u201d; Cronometru analog p\u00e2n\u0103 la 30 de minute; Potrivit pentru farfurii cu un diametru de 330 mm; Greutate net\u0103: 14 kg; Dimensiuni exterioare: 483x420x281 mm; Dimensiuni interioare: 340x344x220 mm; Frecven\u021b\u0103 Hz: 2450 MHz; Putere: 900 W, 230 V\/ 50 Hz\/ 1 faz\u0103 1400 W.<\/p>\n","protected":false},"featured_media":9226,"template":"","meta":[],"_links":{"self":[{"href":"https:\/\/evotek.md\/ro\/wp-json\/wp\/v2\/product\/9237"}],"collection":[{"href":"https:\/\/evotek.md\/ro\/wp-json\/wp\/v2\/product"}],"about":[{"href":"https:\/\/evotek.md\/ro\/wp-json\/wp\/v2\/types\/product"}],"wp:featuredmedia":[{"embeddable":true,"href":"https:\/\/evotek.md\/ro\/wp-json\/wp\/v2\/media\/9226"}],"wp:attachment":[{"href":"https:\/\/evotek.md\/ro\/wp-json\/wp\/v2\/media?parent=9237"}],"curies":[{"name":"wp","href":"https:\/\/api.w.org\/{rel}","templated":true}]}}