{"id":9222,"date":"2020-04-23T10:45:47","date_gmt":"2020-04-23T10:45:47","guid":{"rendered":"https:\/\/evotek.md\/?post_type=product&#038;p=9222"},"modified":"2020-04-23T10:45:47","modified_gmt":"2020-04-23T10:45:47","slug":"sous-vide-28-l-m-09500800","status":"publish","type":"product","link":"https:\/\/evotek.md\/ro\/produse\/echipamente-termice\/sous-vide-2\/sous-vide-28-l-m-09500800\/","title":{"rendered":"SOUS VIDE 28 L -M-09500800"},"content":{"rendered":"<p><strong>SOUS VIDE 28 L -M-09500800- <\/strong>aceasta este o ma\u0219in\u0103 compact\u0103, o nou\u0103 tehnologie unic\u0103 de g\u0103tit. Sous vide v\u0103 permite s\u0103 transforma\u021bi orice fel de m\u00e2ncare \u00eentr-o capodoper\u0103 culinar\u0103 cu un efort minim. Esen\u021ba metodei este destul de simpl\u0103: produsele sunt introduse \u00eentr-o pung\u0103 special\u0103 din care aerul este eliminat complet cu ajutorul unui ambalator de vid, dup\u0103 care este scufundat \u00een ap\u0103 cu un termostat care men\u021bine o temperatur\u0103 constant\u0103 sc\u0103zut\u0103. \u00cen restaurante, aceast\u0103 metod\u0103 este folosit\u0103 pentru a preg\u0103ti cantit\u0103\u021bi mari de m\u00e2ncare.<\/p>\n<p>Caracteristici<\/p>\n<p>Capacitate: 28 L<\/p>\n<p>Temperatura maxim\u0103: 99 \u00b0 C<\/p>\n<p>Sistem patentat de pompare a apei<\/p>\n<p>Greutate net\u0103: 8,5 kg<\/p>\n<p>Dimensiuni: 570x430x280 mm<\/p>\n<p>Conexiune: 230 V\/ 50 Hz\/ 1 faz\u0103 1800 W<\/p>\n<p>&nbsp;<\/p>\n","protected":false},"excerpt":{"rendered":"<p>Sous vide cu o capacitate de 28 L. Temperatura maxim\u0103: 99\u00b0 C; Sistem patentat de pompare a apei; Greutate net\u0103: 8,5 kg; Dimensiuni: 570x430x280 mm; Conexiune: 230 V\/ 50 Hz\/ 1 faz\u0103 1800 W.<\/p>\n","protected":false},"featured_media":9209,"template":"","meta":[],"_links":{"self":[{"href":"https:\/\/evotek.md\/ro\/wp-json\/wp\/v2\/product\/9222"}],"collection":[{"href":"https:\/\/evotek.md\/ro\/wp-json\/wp\/v2\/product"}],"about":[{"href":"https:\/\/evotek.md\/ro\/wp-json\/wp\/v2\/types\/product"}],"wp:featuredmedia":[{"embeddable":true,"href":"https:\/\/evotek.md\/ro\/wp-json\/wp\/v2\/media\/9209"}],"wp:attachment":[{"href":"https:\/\/evotek.md\/ro\/wp-json\/wp\/v2\/media?parent=9222"}],"curies":[{"name":"wp","href":"https:\/\/api.w.org\/{rel}","templated":true}]}}