{"id":9153,"date":"2020-04-23T09:13:18","date_gmt":"2020-04-23T09:14:14","guid":{"rendered":"https:\/\/evotek.md\/?post_type=product&#038;p=9153"},"modified":"2023-03-03T11:53:38","modified_gmt":"2023-03-03T11:53:38","slug":"aparat-pentru-waffle-classic-dublu-m-09365106","status":"publish","type":"product","link":"https:\/\/evotek.md\/ro\/produse\/echipamente-pentru-fast-food\/aparate-pentru-vafe\/aparat-pentru-waffle-classic-dublu-m-09365106\/","title":{"rendered":"APARAT ELECTRIC PENTRU VAFE BELGIENE, DUBLU, 4 BUCATI (DREPTUNGHI) -M-09365106"},"content":{"rendered":"<p><strong>APARAT ELECTRIC PENTRU VAFE BELGIENE, DUBLU, 4 BUCATI (DREPTUNGHI) -M-09365106- <\/strong>Forma dreptunghiular\u0103 este excelent\u0103 pentru waffle bruxeliene. Aparatul pentru waffle are un element de \u00eenc\u0103lzire puternic, care poate \u00eenc\u0103lzi rapid suprafa\u021ba \u0219i a o men\u021bine cald\u0103. Domeniul de utilizare: alimenta\u021bie public\u0103, comer\u021b stradal \u0219i market-uri. De asemenea este potrivit pentru uz casnic. Carcasa dispozitivului este realizat\u0103 din inox de \u00eenalt\u0103 calitate, suprafa\u021ba de pr\u0103jire este din font\u0103 cu acoperire antiaderent\u0103. Aparatul este echipat cu un termostat reglabil, care se opre\u0219te \u0219i porne\u0219te alimentarea c\u00e2nd se atinge o anumit\u0103 temperatur\u0103.<\/p>\n<p>Caracteristici<\/p>\n<p>Dimensiuni: 630x380x270 mm<\/p>\n<p>Reglarea termostatic\u0103 a temperaturii de la 50 p\u00e2n\u0103 la 300 \u2103<\/p>\n<p>Putere: 230 V\/ 50 Hz\/ 1 faz\u0103 2&#215;1600 W<\/p>\n<p>Greutate net\u0103: 18 kg<\/p>\n<p>&nbsp;<\/p>\n<p>&nbsp;<\/p>\n","protected":false},"excerpt":{"rendered":"<p>Aparat pentru waffle cu dou\u0103 suprafe\u021be de lucru. Dimensiuni: 630x380x270 mm; Reglarea termostatic\u0103 a temperaturii de la 50 p\u00e2n\u0103 la 300 \u2103; Putere: 230 V\/ 50 Hz\/ 1 faz\u0103 2&#215;1600 W; Greutate net\u0103: 18 kg.<\/p>\n","protected":false},"featured_media":9142,"template":"","meta":[],"_links":{"self":[{"href":"https:\/\/evotek.md\/ro\/wp-json\/wp\/v2\/product\/9153"}],"collection":[{"href":"https:\/\/evotek.md\/ro\/wp-json\/wp\/v2\/product"}],"about":[{"href":"https:\/\/evotek.md\/ro\/wp-json\/wp\/v2\/types\/product"}],"wp:featuredmedia":[{"embeddable":true,"href":"https:\/\/evotek.md\/ro\/wp-json\/wp\/v2\/media\/9142"}],"wp:attachment":[{"href":"https:\/\/evotek.md\/ro\/wp-json\/wp\/v2\/media?parent=9153"}],"curies":[{"name":"wp","href":"https:\/\/api.w.org\/{rel}","templated":true}]}}