{"id":9125,"date":"2020-04-23T08:55:00","date_gmt":"2020-04-23T08:56:06","guid":{"rendered":"https:\/\/evotek.md\/?post_type=product&#038;p=9125"},"modified":"2023-03-03T12:04:17","modified_gmt":"2023-03-03T12:04:17","slug":"m-09365100","status":"publish","type":"product","link":"https:\/\/evotek.md\/ro\/produse\/echipamente-pentru-fast-food\/aparate-pentru-vafe\/m-09365100\/","title":{"rendered":"APARAT ELECTRIC PENTRU VAFE, 4 BUCATI (INIMA) -M-09365100"},"content":{"rendered":"<p><strong>APARAT ELECTRIC PENTRU VAFE, 4 BUCATI (INIMA) -M-09365100- <\/strong>produce vaffle \u00een form\u0103 de inim\u0103. Aparatul pentru waffle are un element de \u00eenc\u0103lzire puternic, care poate \u00eenc\u0103lzi rapid suprafa\u021ba \u0219i a o men\u021bine cald\u0103. Domeniul de utilizare: alimenta\u021bie public\u0103, comer\u021b stradal \u0219i market-uri. De asemenea este potrivit pentru uz casnic. Carcasa dispozitivului este realizat\u0103 din inox de \u00eenalt\u0103 calitate, suprafa\u021ba de pr\u0103jire este din font\u0103 cu acoperire antiaderent\u0103. Aparatul este echipat cu un termostat reglabil, care se opre\u0219te \u0219i porne\u0219te alimentarea c\u00e2nd se atinge o anumit\u0103 temperatur\u0103.<\/p>\n<p>Caracteristici<\/p>\n<p>Dimensiuni: 255x380x270 mm<\/p>\n<p>Reglarea termostatic\u0103 a temperaturii de la 50 p\u00e2n\u0103 la 300 \u2103<\/p>\n<p>Putere: 230 V\/ 50 Hz\/ 1 faz\u0103 1000 W<\/p>\n<p>Greutate net\u0103: 5,5 kg<\/p>\n<p>&nbsp;<\/p>\n<p>&nbsp;<\/p>\n","protected":false},"excerpt":{"rendered":"<p>Aparat pentru waffle cu form\u0103 de inim\u0103. Dimensiuni: 255x380x270 mm; Controlul termostatic al temperaturii de la 50 la 300 \u2103; Putere: 230 V\/ 50 Hz\/ 1 faz\u0103 1000 W; Greutate net\u0103: 5,5 kg.<\/p>\n","protected":false},"featured_media":9118,"template":"","meta":[],"_links":{"self":[{"href":"https:\/\/evotek.md\/ro\/wp-json\/wp\/v2\/product\/9125"}],"collection":[{"href":"https:\/\/evotek.md\/ro\/wp-json\/wp\/v2\/product"}],"about":[{"href":"https:\/\/evotek.md\/ro\/wp-json\/wp\/v2\/types\/product"}],"wp:featuredmedia":[{"embeddable":true,"href":"https:\/\/evotek.md\/ro\/wp-json\/wp\/v2\/media\/9118"}],"wp:attachment":[{"href":"https:\/\/evotek.md\/ro\/wp-json\/wp\/v2\/media?parent=9125"}],"curies":[{"name":"wp","href":"https:\/\/api.w.org\/{rel}","templated":true}]}}